{"id":1421,"date":"2017-09-13T21:52:45","date_gmt":"2017-09-13T19:52:45","guid":{"rendered":"http:\/\/www.wuerzberg.info\/?page_id=1421"},"modified":"2022-05-03T16:36:27","modified_gmt":"2022-05-03T14:36:27","slug":"ffw-wuerzberg","status":"publish","type":"page","link":"https:\/\/www.wuerzberg.info\/?page_id=1421","title":{"rendered":"FFW-W\u00fcrzberg"},"content":{"rendered":"\n<p><strong><em>Was ist, wenn\u00b4s brennt und keiner geht hin? Wir suchen neue Mitglieder!<\/em><\/strong><\/p>\n\n\n\n<p>Diese \u00dcberschrift ist zugegebenerma\u00dfen \u00fcberspitzt formuliert. Das ist aber so gewollt, denn irgendwann kann einmal der Tag kommen, an dem die Feuerwehr gerufen wird &#8211; aber niemand da ist, um auszur\u00fccken und in den Einsatz zu gehen.<\/p>\n\n\n\n<p>Die Situation in unserem Ort ist wie \u00fcberall &#8211; die Freiwillige Feuerwehr sucht Mitglieder, denn das Personal wird langsam knapp. Einsatzkr\u00e4fte, die ehrenamtlich und selbstlos helfen, gibt es immer weniger. Eine Entwicklung, unter der mittlerweile leider alle Freiwilligen Feuerwehren, egal ob im Westen oder Osten, Norden oder S\u00fcden, leiden. Feuerwehren unserer Region haben jedoch, bedingt durch den Geburtenr\u00fcckgang und den Wegzug vieler B\u00fcrger, besonders mit dem Mitgliederschwund zu k\u00e4mpfen.<\/p>\n\n\n\n<figure class=\"wp-block-image\"><img data-recalc-dims=\"1\" loading=\"lazy\" decoding=\"async\" width=\"625\" height=\"382\" data-attachment-id=\"2422\" data-permalink=\"https:\/\/www.wuerzberg.info\/?attachment_id=2422\" data-orig-file=\"https:\/\/i0.wp.com\/www.wuerzberg.info\/wp-content\/uploads\/2019\/05\/1119365d-e0ef-45b4-bb49-783ebbcdd37c-1.jpg?fit=1600%2C979&amp;ssl=1\" data-orig-size=\"1600,979\" data-comments-opened=\"0\" data-image-meta=\"{&quot;aperture&quot;:&quot;0&quot;,&quot;credit&quot;:&quot;&quot;,&quot;camera&quot;:&quot;&quot;,&quot;caption&quot;:&quot;&quot;,&quot;created_timestamp&quot;:&quot;0&quot;,&quot;copyright&quot;:&quot;&quot;,&quot;focal_length&quot;:&quot;0&quot;,&quot;iso&quot;:&quot;0&quot;,&quot;shutter_speed&quot;:&quot;0&quot;,&quot;title&quot;:&quot;&quot;,&quot;orientation&quot;:&quot;0&quot;}\" data-image-title=\"1119365d-e0ef-45b4-bb49-783ebbcdd37c-1\" data-image-description=\"\" data-image-caption=\"\" data-large-file=\"https:\/\/i0.wp.com\/www.wuerzberg.info\/wp-content\/uploads\/2019\/05\/1119365d-e0ef-45b4-bb49-783ebbcdd37c-1.jpg?fit=625%2C383&amp;ssl=1\" src=\"https:\/\/i0.wp.com\/www.wuerzberg.info\/wp-content\/uploads\/2019\/05\/1119365d-e0ef-45b4-bb49-783ebbcdd37c-1.jpg?resize=625%2C382&#038;ssl=1\" alt=\"\" class=\"wp-image-2422\" srcset=\"https:\/\/i0.wp.com\/www.wuerzberg.info\/wp-content\/uploads\/2019\/05\/1119365d-e0ef-45b4-bb49-783ebbcdd37c-1.jpg?w=1600&amp;ssl=1 1600w, https:\/\/i0.wp.com\/www.wuerzberg.info\/wp-content\/uploads\/2019\/05\/1119365d-e0ef-45b4-bb49-783ebbcdd37c-1.jpg?resize=300%2C184&amp;ssl=1 300w, https:\/\/i0.wp.com\/www.wuerzberg.info\/wp-content\/uploads\/2019\/05\/1119365d-e0ef-45b4-bb49-783ebbcdd37c-1.jpg?resize=768%2C470&amp;ssl=1 768w, https:\/\/i0.wp.com\/www.wuerzberg.info\/wp-content\/uploads\/2019\/05\/1119365d-e0ef-45b4-bb49-783ebbcdd37c-1.jpg?resize=1024%2C627&amp;ssl=1 1024w, https:\/\/i0.wp.com\/www.wuerzberg.info\/wp-content\/uploads\/2019\/05\/1119365d-e0ef-45b4-bb49-783ebbcdd37c-1.jpg?resize=200%2C122&amp;ssl=1 200w, https:\/\/i0.wp.com\/www.wuerzberg.info\/wp-content\/uploads\/2019\/05\/1119365d-e0ef-45b4-bb49-783ebbcdd37c-1.jpg?w=1250&amp;ssl=1 1250w\" sizes=\"auto, (max-width: 625px) 100vw, 625px\" \/><\/figure>\n\n\n\n<p>Angst und Panik braucht niemand bekommen. Bis jetzt konnte die Feuerwehr W\u00fcrzberg bei jedem Alarm ausr\u00fccken und die anfallenden Einsatzaufgaben bew\u00e4ltigen. Doch wie sieht es in der Zukunft aus? Werden noch genug B\u00fcrgerinnen und B\u00fcrger bereit sein, ehrenamtlich in der Freiwilligen Feuerwehr ihren Mitb\u00fcrgern helfend zur Seite zu stehen, wenn sie dringend gebraucht werden?<\/p>\n\n\n\n<p>Wir suchen Frauen und M\u00e4nner ab 18 Jahren, die aktiv am Feuerwehrdienst teilnehmen und einer vielseitigen, abwechslungsreichen und ausgefallenen Freizeitbesch\u00e4ftigung nachgehen m\u00f6chten. Wer Interesse an einer ehrenamtlichen T\u00e4tigkeit hat, wer anderen helfen und sich in einer Gemeinschaft engagieren m\u00f6chte, wer sich weiterbilden und Verantwortung \u00fcbernehmen m\u00f6chte, ist bei der Freiwilligen Feuerwehr richtig.<\/p>\n\n\n\n<p>Wir treffen uns alle 14 Tage montags zu unseren theoretischen und praktischen Ausbildungsveranstaltungen. Du hast Interesse? Schau doch einfach mal vorbei, auch Schnupperbesuche sind m\u00f6glich. Wir freuen uns auf Dich!<\/p>\n\n\n\n<h2 class=\"wp-block-heading\">Jugendfeuerwehr (neue Termine folgen)<\/h2>\n\n\n\n<p><s>Du bist ein M\u00e4dchen oder ein Junge und bist mindestens 10 Jahre alt?<br>Du hast Lust auf: Technik, Aktion, Spa\u00df und Abenteuer, Spiel, Sport, Zeltlager und Ausfl\u00fcge?&#8230; dann bist Du bei der Jugendfeuerwehr genau richtig!<br>Die Gruppenstunde findet alle zwei Wochen MITTWOCHS um 18:30 Uhr statt. Diese wird zusammen mit der Jugendfeuerwehr Vielbrunn durchgef\u00fchrt.<br>Wir freuen uns auf Dich!<br>Wenn Du Interesse hast, komm einfach vorbei. Auch Schnupperbesuche sind m\u00f6glich!<\/s><\/p>\n\n\n\n<h2 class=\"wp-block-heading\">Kontakt<\/h2>\n\n\n\n<p>Vorsitzender: Timo Groll<br>Wehrf\u00fchrer: Marc Moldan<br>Ansprechpartner f\u00fcr die Jugendfeuerwehr: Jens Fill<\/p>\n\n\n\n<p>Facebookseite: <a href=\"https:\/\/www.facebook.com\/ffwwuerzberg\/\">https:\/\/www.facebook.com\/ffwwuerzberg\/<\/a><\/p>\n","protected":false},"excerpt":{"rendered":"<p>Was ist, wenn\u00b4s brennt und keiner geht hin? Wir suchen neue Mitglieder! Diese \u00dcberschrift ist zugegebenerma\u00dfen \u00fcberspitzt formuliert. Das ist aber so gewollt, denn irgendwann kann einmal der Tag kommen, an dem die Feuerwehr gerufen wird &#8211; aber niemand da ist, um auszur\u00fccken und in den Einsatz zu gehen. Die Situation in unserem Ort ist [&hellip;]<\/p>\n","protected":false},"author":1,"featured_media":0,"parent":8,"menu_order":0,"comment_status":"closed","ping_status":"closed","template":"","meta":{"jetpack_post_was_ever_published":false,"footnotes":""},"class_list":["post-1421","page","type-page","status-publish","hentry"],"jetpack_shortlink":"https:\/\/wp.me\/P71HmM-mV","jetpack_sharing_enabled":true,"publishpress_future_workflow_manual_trigger":{"enabledWorkflows":[]},"_links":{"self":[{"href":"https:\/\/www.wuerzberg.info\/index.php?rest_route=\/wp\/v2\/pages\/1421","targetHints":{"allow":["GET"]}}],"collection":[{"href":"https:\/\/www.wuerzberg.info\/index.php?rest_route=\/wp\/v2\/pages"}],"about":[{"href":"https:\/\/www.wuerzberg.info\/index.php?rest_route=\/wp\/v2\/types\/page"}],"author":[{"embeddable":true,"href":"https:\/\/www.wuerzberg.info\/index.php?rest_route=\/wp\/v2\/users\/1"}],"replies":[{"embeddable":true,"href":"https:\/\/www.wuerzberg.info\/index.php?rest_route=%2Fwp%2Fv2%2Fcomments&post=1421"}],"version-history":[{"count":12,"href":"https:\/\/www.wuerzberg.info\/index.php?rest_route=\/wp\/v2\/pages\/1421\/revisions"}],"predecessor-version":[{"id":4835,"href":"https:\/\/www.wuerzberg.info\/index.php?rest_route=\/wp\/v2\/pages\/1421\/revisions\/4835"}],"up":[{"embeddable":true,"href":"https:\/\/www.wuerzberg.info\/index.php?rest_route=\/wp\/v2\/pages\/8"}],"wp:attachment":[{"href":"https:\/\/www.wuerzberg.info\/index.php?rest_route=%2Fwp%2Fv2%2Fmedia&parent=1421"}],"curies":[{"name":"wp","href":"https:\/\/api.w.org\/{rel}","templated":true}]}}