{"id":1427,"date":"2017-09-13T21:53:29","date_gmt":"2017-09-13T19:53:29","guid":{"rendered":"http:\/\/www.wuerzberg.info\/?page_id=1427"},"modified":"2022-12-25T09:33:40","modified_gmt":"2022-12-25T08:33:40","slug":"evang-kirchengemeinde","status":"publish","type":"page","link":"https:\/\/www.wuerzberg.info\/?page_id=1427","title":{"rendered":"Evang. Kirchengemeinde"},"content":{"rendered":"<p><img data-recalc-dims=\"1\" loading=\"lazy\" decoding=\"async\" data-attachment-id=\"1485\" data-permalink=\"https:\/\/www.wuerzberg.info\/?attachment_id=1485\" data-orig-file=\"https:\/\/i0.wp.com\/www.wuerzberg.info\/wp-content\/uploads\/2017\/09\/Kirche2.jpg?fit=79%2C79&amp;ssl=1\" data-orig-size=\"79,79\" data-comments-opened=\"0\" data-image-meta=\"{&quot;aperture&quot;:&quot;0&quot;,&quot;credit&quot;:&quot;&quot;,&quot;camera&quot;:&quot;&quot;,&quot;caption&quot;:&quot;&quot;,&quot;created_timestamp&quot;:&quot;0&quot;,&quot;copyright&quot;:&quot;&quot;,&quot;focal_length&quot;:&quot;0&quot;,&quot;iso&quot;:&quot;0&quot;,&quot;shutter_speed&quot;:&quot;0&quot;,&quot;title&quot;:&quot;&quot;,&quot;orientation&quot;:&quot;0&quot;}\" data-image-title=\"Kirche2\" data-image-description=\"\" data-image-caption=\"\" data-large-file=\"https:\/\/i0.wp.com\/www.wuerzberg.info\/wp-content\/uploads\/2017\/09\/Kirche2.jpg?fit=79%2C79&amp;ssl=1\" class=\"alignleft size-full wp-image-1485\" src=\"https:\/\/i0.wp.com\/www.wuerzberg.info\/wp-content\/uploads\/2017\/09\/Kirche2.jpg?resize=79%2C79\" alt=\"\" width=\"79\" height=\"79\" \/> <img data-recalc-dims=\"1\" loading=\"lazy\" decoding=\"async\" data-attachment-id=\"1486\" data-permalink=\"https:\/\/www.wuerzberg.info\/?attachment_id=1486\" data-orig-file=\"https:\/\/i0.wp.com\/www.wuerzberg.info\/wp-content\/uploads\/2017\/09\/Kirche1.jpg?fit=78%2C78&amp;ssl=1\" data-orig-size=\"78,78\" data-comments-opened=\"0\" data-image-meta=\"{&quot;aperture&quot;:&quot;0&quot;,&quot;credit&quot;:&quot;&quot;,&quot;camera&quot;:&quot;&quot;,&quot;caption&quot;:&quot;&quot;,&quot;created_timestamp&quot;:&quot;0&quot;,&quot;copyright&quot;:&quot;&quot;,&quot;focal_length&quot;:&quot;0&quot;,&quot;iso&quot;:&quot;0&quot;,&quot;shutter_speed&quot;:&quot;0&quot;,&quot;title&quot;:&quot;&quot;,&quot;orientation&quot;:&quot;0&quot;}\" data-image-title=\"Kirche1\" data-image-description=\"\" data-image-caption=\"\" data-large-file=\"https:\/\/i0.wp.com\/www.wuerzberg.info\/wp-content\/uploads\/2017\/09\/Kirche1.jpg?fit=78%2C78&amp;ssl=1\" class=\"alignleft size-full wp-image-1486\" src=\"https:\/\/i0.wp.com\/www.wuerzberg.info\/wp-content\/uploads\/2017\/09\/Kirche1.jpg?resize=78%2C78\" alt=\"\" width=\"78\" height=\"78\" \/>Die Evang. Kirchengemeinde, eingebunden in das Evang. Dekanat Odenwald, wird verwaltet durch seinen Kirchenvorstand. Neben den hauptamtlichen Mitarbeitern (Gemeindesekret\u00e4rin, K\u00fcster, Organistinnen) engagieren sich vor allem Ehrenamtliche in der Gemeindearbeit.<\/p>\n<p>Abgesehen von den 14-t\u00e4gig stattfindenden Gottesdiensten organisiert die Ev. KG eine Reihe besonderer Gottesdienste wie z. B. den Weltgebetstag, die Osternacht, Erntedank auf dem Bauernhof, Tauferinnerungsgottesdienst f\u00fcr Schulanf\u00e4nger, die Wald- oder Pilgerweihnacht mit daran anschlie\u00dfenden Gemeindefesten.<\/p>\n<p>Ein Schwerpunkt der Gemeindearbeit liegt bei der Kinder- und Jugendarbeit. Aktuell treffen sich folgende Gruppen regelm\u00e4\u00dfig im Evang. Gemeindehaus direkt hinter der Kirche: Krabbel-Treff, Kids-Treff, Senioren-Treff. Jedes Jahr im Herbst beginnt ein Handarbeitskurs f\u00fcr Kinder und auch die Proben f\u00fcr das Krippenspiel fangen an.<\/p>\n<p>Bet\u00e4tigungsfelder wie z. B. Besuchsdienst, Gospelchor u.v.m. warten darauf, angegangen zu werden. Die M\u00f6glichkeiten, sich in der Ev. KG mit seinen F\u00e4higkeiten und Talenten oder Interessen als Ehrenamtlicher einzubringen sind gro\u00df und wir w\u00fcrden uns \u00fcber jeden neuen Mitarbeiter freuen. Sprich uns an!<\/p>\n<h2>Kontakt<\/h2>\n<p>Kirchenvorstand: Annette Emig, Gerhard Flie\u00dfer, Sibylle Flie\u00dfer, Heinrich He\u00df, Petra Schweikert, Annika Walther, Katharina Walther und Hans Weyrauch.<\/p>\n<p>E-Mail: info AT stadtkirche-michelstadt.de<\/p>\n<p>Homepage: <a href=\"https:\/\/www.stadtkirche-michelstadt.de\/wuerzberg\/\" target=\"_blank\" rel=\"noopener\">https:\/\/www.stadtkirche-michelstadt.de\/wuerzberg\/<\/a><\/p>\n","protected":false},"excerpt":{"rendered":"<p>Die Evang. Kirchengemeinde, eingebunden in das Evang. Dekanat Odenwald, wird verwaltet durch seinen Kirchenvorstand. Neben den hauptamtlichen Mitarbeitern (Gemeindesekret\u00e4rin, K\u00fcster, Organistinnen) engagieren sich vor allem Ehrenamtliche in der Gemeindearbeit. Abgesehen von den 14-t\u00e4gig stattfindenden Gottesdiensten organisiert die Ev. KG eine Reihe besonderer Gottesdienste wie z. B. den Weltgebetstag, die Osternacht, Erntedank auf dem Bauernhof, Tauferinnerungsgottesdienst [&hellip;]<\/p>\n","protected":false},"author":1,"featured_media":0,"parent":8,"menu_order":0,"comment_status":"closed","ping_status":"closed","template":"","meta":{"jetpack_post_was_ever_published":false,"footnotes":""},"class_list":["post-1427","page","type-page","status-publish","hentry"],"jetpack_shortlink":"https:\/\/wp.me\/P71HmM-n1","jetpack_sharing_enabled":true,"publishpress_future_workflow_manual_trigger":{"enabledWorkflows":[]},"_links":{"self":[{"href":"https:\/\/www.wuerzberg.info\/index.php?rest_route=\/wp\/v2\/pages\/1427","targetHints":{"allow":["GET"]}}],"collection":[{"href":"https:\/\/www.wuerzberg.info\/index.php?rest_route=\/wp\/v2\/pages"}],"about":[{"href":"https:\/\/www.wuerzberg.info\/index.php?rest_route=\/wp\/v2\/types\/page"}],"author":[{"embeddable":true,"href":"https:\/\/www.wuerzberg.info\/index.php?rest_route=\/wp\/v2\/users\/1"}],"replies":[{"embeddable":true,"href":"https:\/\/www.wuerzberg.info\/index.php?rest_route=%2Fwp%2Fv2%2Fcomments&post=1427"}],"version-history":[{"count":10,"href":"https:\/\/www.wuerzberg.info\/index.php?rest_route=\/wp\/v2\/pages\/1427\/revisions"}],"predecessor-version":[{"id":5399,"href":"https:\/\/www.wuerzberg.info\/index.php?rest_route=\/wp\/v2\/pages\/1427\/revisions\/5399"}],"up":[{"embeddable":true,"href":"https:\/\/www.wuerzberg.info\/index.php?rest_route=\/wp\/v2\/pages\/8"}],"wp:attachment":[{"href":"https:\/\/www.wuerzberg.info\/index.php?rest_route=%2Fwp%2Fv2%2Fmedia&parent=1427"}],"curies":[{"name":"wp","href":"https:\/\/api.w.org\/{rel}","templated":true}]}}