{"id":1431,"date":"2017-09-13T21:55:42","date_gmt":"2017-09-13T19:55:42","guid":{"rendered":"http:\/\/www.wuerzberg.info\/?page_id=1431"},"modified":"2026-04-30T10:20:09","modified_gmt":"2026-04-30T08:20:09","slug":"landfrauen-wuerzberg","status":"publish","type":"page","link":"https:\/\/www.wuerzberg.info\/?page_id=1431","title":{"rendered":"Landfrauen W\u00fcrzberg"},"content":{"rendered":"<div class=\"wp-block-image\">\n<figure class=\"aligncenter size-full\"><img data-recalc-dims=\"1\" loading=\"lazy\" decoding=\"async\" width=\"349\" height=\"184\" data-attachment-id=\"7180\" data-permalink=\"https:\/\/www.wuerzberg.info\/?attachment_id=7180\" data-orig-file=\"https:\/\/i0.wp.com\/www.wuerzberg.info\/wp-content\/uploads\/2026\/04\/image.png?fit=349%2C184&amp;ssl=1\" data-orig-size=\"349,184\" data-comments-opened=\"0\" data-image-meta=\"{&quot;aperture&quot;:&quot;0&quot;,&quot;credit&quot;:&quot;&quot;,&quot;camera&quot;:&quot;&quot;,&quot;caption&quot;:&quot;&quot;,&quot;created_timestamp&quot;:&quot;0&quot;,&quot;copyright&quot;:&quot;&quot;,&quot;focal_length&quot;:&quot;0&quot;,&quot;iso&quot;:&quot;0&quot;,&quot;shutter_speed&quot;:&quot;0&quot;,&quot;title&quot;:&quot;&quot;,&quot;orientation&quot;:&quot;0&quot;}\" data-image-title=\"image\" data-image-description=\"\" data-image-caption=\"\" data-large-file=\"https:\/\/i0.wp.com\/www.wuerzberg.info\/wp-content\/uploads\/2026\/04\/image.png?fit=349%2C184&amp;ssl=1\" src=\"https:\/\/i0.wp.com\/www.wuerzberg.info\/wp-content\/uploads\/2026\/04\/image.png?resize=349%2C184&#038;ssl=1\" alt=\"\" class=\"wp-image-7180\" srcset=\"https:\/\/i0.wp.com\/www.wuerzberg.info\/wp-content\/uploads\/2026\/04\/image.png?w=349&amp;ssl=1 349w, https:\/\/i0.wp.com\/www.wuerzberg.info\/wp-content\/uploads\/2026\/04\/image.png?resize=300%2C158&amp;ssl=1 300w, https:\/\/i0.wp.com\/www.wuerzberg.info\/wp-content\/uploads\/2026\/04\/image.png?resize=200%2C105&amp;ssl=1 200w\" sizes=\"auto, (max-width: 349px) 100vw, 349px\" \/><\/figure>\n<\/div>\n\n\n<p class=\"has-text-align-center\"><strong>Was machen die denn eigentlich so?<\/strong><\/p>\n\n\n\n<div class=\"wp-block-columns is-layout-flex wp-container-core-columns-is-layout-9d6595d7 wp-block-columns-is-layout-flex\">\n<div class=\"wp-block-column is-layout-flow wp-block-column-is-layout-flow\">\n<figure class=\"wp-block-image size-full\"><img data-recalc-dims=\"1\" loading=\"lazy\" decoding=\"async\" width=\"625\" height=\"344\" data-attachment-id=\"7182\" data-permalink=\"https:\/\/www.wuerzberg.info\/?attachment_id=7182\" data-orig-file=\"https:\/\/i0.wp.com\/www.wuerzberg.info\/wp-content\/uploads\/2026\/04\/image-1.png?fit=790%2C435&amp;ssl=1\" data-orig-size=\"790,435\" data-comments-opened=\"0\" data-image-meta=\"{&quot;aperture&quot;:&quot;0&quot;,&quot;credit&quot;:&quot;&quot;,&quot;camera&quot;:&quot;&quot;,&quot;caption&quot;:&quot;&quot;,&quot;created_timestamp&quot;:&quot;0&quot;,&quot;copyright&quot;:&quot;&quot;,&quot;focal_length&quot;:&quot;0&quot;,&quot;iso&quot;:&quot;0&quot;,&quot;shutter_speed&quot;:&quot;0&quot;,&quot;title&quot;:&quot;&quot;,&quot;orientation&quot;:&quot;0&quot;}\" data-image-title=\"image\" data-image-description=\"\" data-image-caption=\"\" data-large-file=\"https:\/\/i0.wp.com\/www.wuerzberg.info\/wp-content\/uploads\/2026\/04\/image-1.png?fit=625%2C344&amp;ssl=1\" src=\"https:\/\/i0.wp.com\/www.wuerzberg.info\/wp-content\/uploads\/2026\/04\/image-1.png?resize=625%2C344&#038;ssl=1\" alt=\"\" class=\"wp-image-7182\" srcset=\"https:\/\/i0.wp.com\/www.wuerzberg.info\/wp-content\/uploads\/2026\/04\/image-1.png?w=790&amp;ssl=1 790w, https:\/\/i0.wp.com\/www.wuerzberg.info\/wp-content\/uploads\/2026\/04\/image-1.png?resize=300%2C165&amp;ssl=1 300w, https:\/\/i0.wp.com\/www.wuerzberg.info\/wp-content\/uploads\/2026\/04\/image-1.png?resize=768%2C423&amp;ssl=1 768w, https:\/\/i0.wp.com\/www.wuerzberg.info\/wp-content\/uploads\/2026\/04\/image-1.png?resize=200%2C110&amp;ssl=1 200w\" sizes=\"auto, (max-width: 625px) 100vw, 625px\" \/><\/figure>\n<\/div>\n\n\n\n<div class=\"wp-block-column is-layout-flow wp-block-column-is-layout-flow\">\n<ul class=\"wp-block-list\">\n<li>informative Abende &amp; Vortr\u00e4ge<\/li>\n\n\n\n<li>spannende F\u00fchrungen<\/li>\n\n\n\n<li>gem\u00fctliche Entspannungsabende<\/li>\n\n\n\n<li>Wandern im sch\u00f6nen Odenwald<\/li>\n\n\n\n<li>eigene Linedance Gruppe<\/li>\n\n\n\n<li>gemeinsames Kochen<\/li>\n<\/ul>\n<\/div>\n<\/div>\n\n\n\n<p>Wir sind ein bunt gemischtes, dynamisches Team mit vielen kreativen Ideen.<\/p>\n\n\n\n<p>Unser Ortsverein ist Mitglied des Bezirksvereins Michelstadt, zusammen geh\u00f6ren wir zum Hessischen Landfrauenverband. Dachverband ist der Deutsche Landfrauenverband mit Sitz in Berlin. Alle angebotenen Fort- und Weiterbildungen sind f\u00fcr unsere Mitglieder kosteng\u00fcnstig m\u00f6glich!<\/p>\n\n\n\n<div class=\"wp-block-columns is-layout-flex wp-container-core-columns-is-layout-9d6595d7 wp-block-columns-is-layout-flex\">\n<div class=\"wp-block-column is-layout-flow wp-block-column-is-layout-flow\">\n<p>Neugierig? Klasse, komm zu uns!<br>Kontaktiere uns gleich \u00fcber Insta oder per Mail.<br>Wir freuen uns auf Dich!<\/p>\n\n\n\n<p>Instagram: <a href=\"https:\/\/www.instagram.com\/landfrauen_wuerzberg\" target=\"_blank\" rel=\"noreferrer noopener\">www.instagram.com\/landfrauen_wuerzberg<\/a><br>E-Mail: <a href=\"mailto:lfv-wuerzberg@web.de\">lfv-wuerzberg@web.de<\/a><br><\/p>\n\n\n\n<p>Vorsitzende: Simone Taubert<br>Stellv. Vorsitzende: Alexandra Kretschmar<\/p>\n<\/div>\n\n\n\n<div class=\"wp-block-column is-layout-flow wp-block-column-is-layout-flow\">\n<figure class=\"wp-block-image size-large\"><img data-recalc-dims=\"1\" loading=\"lazy\" decoding=\"async\" width=\"625\" height=\"625\" data-attachment-id=\"7183\" data-permalink=\"https:\/\/www.wuerzberg.info\/?attachment_id=7183\" data-orig-file=\"https:\/\/i0.wp.com\/www.wuerzberg.info\/wp-content\/uploads\/2026\/04\/image-2.png?fit=2048%2C2048&amp;ssl=1\" data-orig-size=\"2048,2048\" data-comments-opened=\"0\" data-image-meta=\"{&quot;aperture&quot;:&quot;0&quot;,&quot;credit&quot;:&quot;&quot;,&quot;camera&quot;:&quot;&quot;,&quot;caption&quot;:&quot;&quot;,&quot;created_timestamp&quot;:&quot;0&quot;,&quot;copyright&quot;:&quot;&quot;,&quot;focal_length&quot;:&quot;0&quot;,&quot;iso&quot;:&quot;0&quot;,&quot;shutter_speed&quot;:&quot;0&quot;,&quot;title&quot;:&quot;&quot;,&quot;orientation&quot;:&quot;0&quot;}\" data-image-title=\"image\" data-image-description=\"\" data-image-caption=\"\" data-large-file=\"https:\/\/i0.wp.com\/www.wuerzberg.info\/wp-content\/uploads\/2026\/04\/image-2.png?fit=625%2C625&amp;ssl=1\" src=\"https:\/\/i0.wp.com\/www.wuerzberg.info\/wp-content\/uploads\/2026\/04\/image-2.png?resize=625%2C625&#038;ssl=1\" alt=\"\" class=\"wp-image-7183\" srcset=\"https:\/\/i0.wp.com\/www.wuerzberg.info\/wp-content\/uploads\/2026\/04\/image-2.png?resize=1024%2C1024&amp;ssl=1 1024w, https:\/\/i0.wp.com\/www.wuerzberg.info\/wp-content\/uploads\/2026\/04\/image-2.png?resize=300%2C300&amp;ssl=1 300w, https:\/\/i0.wp.com\/www.wuerzberg.info\/wp-content\/uploads\/2026\/04\/image-2.png?resize=150%2C150&amp;ssl=1 150w, https:\/\/i0.wp.com\/www.wuerzberg.info\/wp-content\/uploads\/2026\/04\/image-2.png?resize=768%2C768&amp;ssl=1 768w, https:\/\/i0.wp.com\/www.wuerzberg.info\/wp-content\/uploads\/2026\/04\/image-2.png?resize=1536%2C1536&amp;ssl=1 1536w, https:\/\/i0.wp.com\/www.wuerzberg.info\/wp-content\/uploads\/2026\/04\/image-2.png?resize=200%2C200&amp;ssl=1 200w, https:\/\/i0.wp.com\/www.wuerzberg.info\/wp-content\/uploads\/2026\/04\/image-2.png?w=2048&amp;ssl=1 2048w, https:\/\/i0.wp.com\/www.wuerzberg.info\/wp-content\/uploads\/2026\/04\/image-2.png?w=1250&amp;ssl=1 1250w, https:\/\/i0.wp.com\/www.wuerzberg.info\/wp-content\/uploads\/2026\/04\/image-2.png?w=1875&amp;ssl=1 1875w\" sizes=\"auto, (max-width: 625px) 100vw, 625px\" \/><\/figure>\n<\/div>\n<\/div>\n\n\n\n<p class=\"has-text-align-right\">Stand: 30.04.2026<\/p>\n\n\n\n<p><\/p>\n","protected":false},"excerpt":{"rendered":"<p>Was machen die denn eigentlich so? Wir sind ein bunt gemischtes, dynamisches Team mit vielen kreativen Ideen. Unser Ortsverein ist Mitglied des Bezirksvereins Michelstadt, zusammen geh\u00f6ren wir zum Hessischen Landfrauenverband. Dachverband ist der Deutsche Landfrauenverband mit Sitz in Berlin. Alle angebotenen Fort- und Weiterbildungen sind f\u00fcr unsere Mitglieder kosteng\u00fcnstig m\u00f6glich! Neugierig? Klasse, komm zu uns!Kontaktiere [&hellip;]<\/p>\n","protected":false},"author":1,"featured_media":0,"parent":8,"menu_order":0,"comment_status":"closed","ping_status":"closed","template":"","meta":{"jetpack_post_was_ever_published":false,"footnotes":""},"class_list":["post-1431","page","type-page","status-publish","hentry"],"jetpack_shortlink":"https:\/\/wp.me\/P71HmM-n5","jetpack_sharing_enabled":true,"publishpress_future_workflow_manual_trigger":{"enabledWorkflows":[]},"_links":{"self":[{"href":"https:\/\/www.wuerzberg.info\/index.php?rest_route=\/wp\/v2\/pages\/1431","targetHints":{"allow":["GET"]}}],"collection":[{"href":"https:\/\/www.wuerzberg.info\/index.php?rest_route=\/wp\/v2\/pages"}],"about":[{"href":"https:\/\/www.wuerzberg.info\/index.php?rest_route=\/wp\/v2\/types\/page"}],"author":[{"embeddable":true,"href":"https:\/\/www.wuerzberg.info\/index.php?rest_route=\/wp\/v2\/users\/1"}],"replies":[{"embeddable":true,"href":"https:\/\/www.wuerzberg.info\/index.php?rest_route=%2Fwp%2Fv2%2Fcomments&post=1431"}],"version-history":[{"count":13,"href":"https:\/\/www.wuerzberg.info\/index.php?rest_route=\/wp\/v2\/pages\/1431\/revisions"}],"predecessor-version":[{"id":7186,"href":"https:\/\/www.wuerzberg.info\/index.php?rest_route=\/wp\/v2\/pages\/1431\/revisions\/7186"}],"up":[{"embeddable":true,"href":"https:\/\/www.wuerzberg.info\/index.php?rest_route=\/wp\/v2\/pages\/8"}],"wp:attachment":[{"href":"https:\/\/www.wuerzberg.info\/index.php?rest_route=%2Fwp%2Fv2%2Fmedia&parent=1431"}],"curies":[{"name":"wp","href":"https:\/\/api.w.org\/{rel}","templated":true}]}}