{"id":1437,"date":"2017-09-13T21:56:59","date_gmt":"2017-09-13T19:56:59","guid":{"rendered":"http:\/\/www.wuerzberg.info\/?page_id=1437"},"modified":"2019-04-18T06:44:20","modified_gmt":"2019-04-18T04:44:20","slug":"schuetzenverein-wuerzberg-1927-e-v","status":"publish","type":"page","link":"https:\/\/www.wuerzberg.info\/?page_id=1437","title":{"rendered":"Sch\u00fctzenverein W\u00fcrzberg 1927 e.V."},"content":{"rendered":"<p><img data-recalc-dims=\"1\" loading=\"lazy\" decoding=\"async\" data-attachment-id=\"1472\" data-permalink=\"https:\/\/www.wuerzberg.info\/?attachment_id=1472\" data-orig-file=\"https:\/\/i0.wp.com\/www.wuerzberg.info\/wp-content\/uploads\/2017\/09\/logo__trans_ms.png?fit=186%2C242&amp;ssl=1\" data-orig-size=\"186,242\" data-comments-opened=\"0\" data-image-meta=\"{&quot;aperture&quot;:&quot;0&quot;,&quot;credit&quot;:&quot;&quot;,&quot;camera&quot;:&quot;&quot;,&quot;caption&quot;:&quot;&quot;,&quot;created_timestamp&quot;:&quot;0&quot;,&quot;copyright&quot;:&quot;&quot;,&quot;focal_length&quot;:&quot;0&quot;,&quot;iso&quot;:&quot;0&quot;,&quot;shutter_speed&quot;:&quot;0&quot;,&quot;title&quot;:&quot;&quot;,&quot;orientation&quot;:&quot;0&quot;}\" data-image-title=\"logo__trans_ms\" data-image-description=\"\" data-image-caption=\"\" data-large-file=\"https:\/\/i0.wp.com\/www.wuerzberg.info\/wp-content\/uploads\/2017\/09\/logo__trans_ms.png?fit=186%2C242&amp;ssl=1\" class=\"alignleft size-full wp-image-1472\" src=\"https:\/\/i0.wp.com\/www.wuerzberg.info\/wp-content\/uploads\/2017\/09\/logo__trans_ms.png?resize=186%2C242\" alt=\"\" width=\"186\" height=\"242\" srcset=\"https:\/\/i0.wp.com\/www.wuerzberg.info\/wp-content\/uploads\/2017\/09\/logo__trans_ms.png?w=186&amp;ssl=1 186w, https:\/\/i0.wp.com\/www.wuerzberg.info\/wp-content\/uploads\/2017\/09\/logo__trans_ms.png?resize=154%2C200&amp;ssl=1 154w\" sizes=\"auto, (max-width: 186px) 100vw, 186px\" \/><\/p>\n<p>Der Sch\u00fctzenverein W\u00fcrzberg e.V. wurde im Mai 1927 im Gasthaus \u201eZur R\u00f6merburg\u201c gegr\u00fcndet und ist damit der \u00e4lteste im Kreis. Damals trug er noch den Namen \u201eSch\u00fctzenabteilung W\u00fcrzberg\u201c. Nach einer vorl\u00e4ufigen Aufl\u00f6sung des Vereins wegen eines Schie\u00dfverbotes durch die Besatzungsm\u00e4chte nach Beendigung des Krieges, wurde der Verein im Jahr 1954 neu gegr\u00fcndet. Die Fortsetzung folgte in der R\u00f6merburg, dann im Gasthaus \u201eZum Hirsch\u201c und im Gasthaus \u201eZum Gr\u00fcnem Baum\u201c, bis der heutige Schie\u00dfstand im Dorfgemeinschaftshaus errichtet werden konnte. Hier gibt es einen Gastraum, sechs 10-Meter-St\u00e4nde, f\u00fcnf 25-Meter-St\u00e4nde, eine K\u00fcche und eine Toilettenanlage. Geschossen wird auf einer Computeranlage, die Ergebnisse k\u00f6nnen im Gastraum durch einen Beamer verfolgt werden.<\/p>\n<p>Der Sch\u00fctzenverein umfasst aktuell 136 Mitglieder, von denen 45 aktiv schie\u00dfen.<br \/>\nDie Jugendabteilung des Sch\u00fctzenvereins schie\u00dft in den Disziplinen Luftgewehr und Luftpistole, die Erwachsenen zus\u00e4tzlich noch in der Disziplin Kurzwaffen bis 1500 Joule Schusskraft. Bedingt durch gute \u00dcbungsvoraussetzungen konnte sich die Sch\u00fctzenmannschaft W\u00fcrzberg in die vorderen R\u00e4nge des Sch\u00fctzenbezirks vorarbeiten. Auf die Einhaltung der Sicherheitsvorschriften wird dabei stets genauestens geachtet.<\/p>\n<p>Ganz besonders freut sich der Verein \u00fcber neue Mitglieder f\u00fcr die Vereinsjugend, denn diese ist die Zukunft des Vereins.<\/p>\n<p>Sehr reizvoll ist auch das j\u00e4hrliche Gaudi- und Ostereierschie\u00dfen, das von Gr\u00fcndonnerstag bis Karsamstag stattfindet.<\/p>\n<p>F\u00fcr Vereinsmitglieder findet j\u00e4hrlich im November ein K\u00f6nigsschie\u00dfen f\u00fcr Luftgewehr- und Luftpistolensch\u00fctzen statt, ebenso wird mit der KK-Sportpistole ein Vogelschie\u00dfen ausgetragen.<\/p>\n<h2>Training<\/h2>\n<p>Jugendliche: montags ab 19:00 Uhr<\/p>\n<p>Erwachsene: montags und donnerstags ab 20:00 Uhr<\/p>\n<h2>Kontakt<\/h2>\n<ol>\n<li>Vorsitzender: Ralf M\u00fcller<\/li>\n<\/ol>\n<p>Homepage: <a href=\"http:\/\/www.sv-wuerzberg.de\">http:\/\/www.sv-wuerzberg.de<\/a><\/p>\n","protected":false},"excerpt":{"rendered":"<p>Der Sch\u00fctzenverein W\u00fcrzberg e.V. wurde im Mai 1927 im Gasthaus \u201eZur R\u00f6merburg\u201c gegr\u00fcndet und ist damit der \u00e4lteste im Kreis. Damals trug er noch den Namen \u201eSch\u00fctzenabteilung W\u00fcrzberg\u201c. Nach einer vorl\u00e4ufigen Aufl\u00f6sung des Vereins wegen eines Schie\u00dfverbotes durch die Besatzungsm\u00e4chte nach Beendigung des Krieges, wurde der Verein im Jahr 1954 neu gegr\u00fcndet. Die Fortsetzung folgte [&hellip;]<\/p>\n","protected":false},"author":1,"featured_media":0,"parent":8,"menu_order":0,"comment_status":"closed","ping_status":"closed","template":"","meta":{"jetpack_post_was_ever_published":false,"footnotes":""},"class_list":["post-1437","page","type-page","status-publish","hentry"],"jetpack_shortlink":"https:\/\/wp.me\/P71HmM-nb","jetpack_sharing_enabled":true,"publishpress_future_workflow_manual_trigger":{"enabledWorkflows":[]},"_links":{"self":[{"href":"https:\/\/www.wuerzberg.info\/index.php?rest_route=\/wp\/v2\/pages\/1437","targetHints":{"allow":["GET"]}}],"collection":[{"href":"https:\/\/www.wuerzberg.info\/index.php?rest_route=\/wp\/v2\/pages"}],"about":[{"href":"https:\/\/www.wuerzberg.info\/index.php?rest_route=\/wp\/v2\/types\/page"}],"author":[{"embeddable":true,"href":"https:\/\/www.wuerzberg.info\/index.php?rest_route=\/wp\/v2\/users\/1"}],"replies":[{"embeddable":true,"href":"https:\/\/www.wuerzberg.info\/index.php?rest_route=%2Fwp%2Fv2%2Fcomments&post=1437"}],"version-history":[{"count":5,"href":"https:\/\/www.wuerzberg.info\/index.php?rest_route=\/wp\/v2\/pages\/1437\/revisions"}],"predecessor-version":[{"id":2378,"href":"https:\/\/www.wuerzberg.info\/index.php?rest_route=\/wp\/v2\/pages\/1437\/revisions\/2378"}],"up":[{"embeddable":true,"href":"https:\/\/www.wuerzberg.info\/index.php?rest_route=\/wp\/v2\/pages\/8"}],"wp:attachment":[{"href":"https:\/\/www.wuerzberg.info\/index.php?rest_route=%2Fwp%2Fv2%2Fmedia&parent=1437"}],"curies":[{"name":"wp","href":"https:\/\/api.w.org\/{rel}","templated":true}]}}