{"id":1442,"date":"2017-09-13T21:59:29","date_gmt":"2017-09-13T19:59:29","guid":{"rendered":"http:\/\/www.wuerzberg.info\/?page_id=1442"},"modified":"2022-06-16T12:34:09","modified_gmt":"2022-06-16T10:34:09","slug":"vfr-1946-wuerzberg-e-v","status":"publish","type":"page","link":"https:\/\/www.wuerzberg.info\/?page_id=1442","title":{"rendered":"VfR 1946 W\u00fcrzberg e.V."},"content":{"rendered":"<p><img data-recalc-dims=\"1\" loading=\"lazy\" decoding=\"async\" data-attachment-id=\"1491\" data-permalink=\"https:\/\/www.wuerzberg.info\/?attachment_id=1491\" data-orig-file=\"https:\/\/i0.wp.com\/www.wuerzberg.info\/wp-content\/uploads\/2017\/09\/VfR.jpg?fit=100%2C119&amp;ssl=1\" data-orig-size=\"100,119\" data-comments-opened=\"0\" data-image-meta=\"{&quot;aperture&quot;:&quot;0&quot;,&quot;credit&quot;:&quot;&quot;,&quot;camera&quot;:&quot;&quot;,&quot;caption&quot;:&quot;&quot;,&quot;created_timestamp&quot;:&quot;0&quot;,&quot;copyright&quot;:&quot;&quot;,&quot;focal_length&quot;:&quot;0&quot;,&quot;iso&quot;:&quot;0&quot;,&quot;shutter_speed&quot;:&quot;0&quot;,&quot;title&quot;:&quot;&quot;,&quot;orientation&quot;:&quot;0&quot;}\" data-image-title=\"VfR\" data-image-description=\"\" data-image-caption=\"\" data-large-file=\"https:\/\/i0.wp.com\/www.wuerzberg.info\/wp-content\/uploads\/2017\/09\/VfR.jpg?fit=100%2C119&amp;ssl=1\" class=\"alignleft size-full wp-image-1491\" src=\"https:\/\/i0.wp.com\/www.wuerzberg.info\/wp-content\/uploads\/2017\/09\/VfR.jpg?resize=100%2C119\" alt=\"\" width=\"100\" height=\"119\" \/><\/p>\n<p>Der VfR W\u00fcrzberg e.V. (<u>V<\/u>erein <u>f<\/u>\u00fcr <u>R<\/u>asensport) wurde 1946 gegr\u00fcndet. 1947 wurde eine Theatergruppe ins Leben gerufen, die \u00fcber 25 Jahre lang um die Weihnachtszeit die W\u00fcrzberger B\u00fcrger mit einem Theaterst\u00fcck erfreute. Daraufhin wurde Fu\u00dfball gespielt und zwar recht erfolgreich.<\/p>\n<p>Im Mai 1967 wurde eine Sporthalle mit Umkleider\u00e4umen fertiggestellt. Im Jahr 1983 hat man einen neuen zweiten Rasenplatz errichtet, der mit einem Freundschaftsspiel gegen die Nationalmannschaft von Sierra Leone eingeweiht wurde. Das Spiel, vor 1300 Zuschauern, ging mit 2:5 verloren.<\/p>\n<p>In den Jahren 1994 und 1995 wurden umfassende Sanierungsma\u00dfnahmen am Dach und im Innenraum sowie im Au\u00dfenbereich vorgenommen. Die alte, aus den sechziger Jahren stammende Flutlichtanlage, wurde durch eine neue Anlage ersetzt.<\/p>\n<p>Im Jahre 2009 wurde das Vereinsheim &#8222;energietechnisch&#8220; auf den neuesten Stand gebracht. So wurde unter anderem die Fassade komplett isoliert und erhielt einen neuen Anstrich.<\/p>\n<p>Der Verein hat aktuell 190 Mitglieder und 42 aktive Spieler (Senioren). Die Mannschaften spielen in der Kreisliga-B und Kreisliga-D des Odenwaldkreises.<\/p>\n<p>Trainingszeiten<br \/>\nDienstag um 19:00 Uhr und Donnerstag um 19:00 Uhr (Im Winter in der TLS Campus-Halle \/ Donnerstag um 20:30 Uhr)<\/p>\n<h2>Kontakt<\/h2>\n<p>Trainer: Tobias Back<br \/>\nCo-Trainer: Jan Brumund<br \/>\nJugendleiter: Jana Korn<br \/>\nVorsitzender: Robert Schuck<\/p>\n<p>Homepage: <a href=\"http:\/\/www.vfr-wuerzberg.de\">http:\/\/www.vfr-wuerzberg.de<\/a><\/p>\n","protected":false},"excerpt":{"rendered":"<p>Der VfR W\u00fcrzberg e.V. (Verein f\u00fcr Rasensport) wurde 1946 gegr\u00fcndet. 1947 wurde eine Theatergruppe ins Leben gerufen, die \u00fcber 25 Jahre lang um die Weihnachtszeit die W\u00fcrzberger B\u00fcrger mit einem Theaterst\u00fcck erfreute. Daraufhin wurde Fu\u00dfball gespielt und zwar recht erfolgreich. Im Mai 1967 wurde eine Sporthalle mit Umkleider\u00e4umen fertiggestellt. Im Jahr 1983 hat man einen [&hellip;]<\/p>\n","protected":false},"author":1,"featured_media":0,"parent":8,"menu_order":0,"comment_status":"closed","ping_status":"closed","template":"","meta":{"jetpack_post_was_ever_published":false,"footnotes":""},"class_list":["post-1442","page","type-page","status-publish","hentry"],"jetpack_shortlink":"https:\/\/wp.me\/P71HmM-ng","jetpack_sharing_enabled":true,"publishpress_future_workflow_manual_trigger":{"enabledWorkflows":[]},"_links":{"self":[{"href":"https:\/\/www.wuerzberg.info\/index.php?rest_route=\/wp\/v2\/pages\/1442","targetHints":{"allow":["GET"]}}],"collection":[{"href":"https:\/\/www.wuerzberg.info\/index.php?rest_route=\/wp\/v2\/pages"}],"about":[{"href":"https:\/\/www.wuerzberg.info\/index.php?rest_route=\/wp\/v2\/types\/page"}],"author":[{"embeddable":true,"href":"https:\/\/www.wuerzberg.info\/index.php?rest_route=\/wp\/v2\/users\/1"}],"replies":[{"embeddable":true,"href":"https:\/\/www.wuerzberg.info\/index.php?rest_route=%2Fwp%2Fv2%2Fcomments&post=1442"}],"version-history":[{"count":7,"href":"https:\/\/www.wuerzberg.info\/index.php?rest_route=\/wp\/v2\/pages\/1442\/revisions"}],"predecessor-version":[{"id":4980,"href":"https:\/\/www.wuerzberg.info\/index.php?rest_route=\/wp\/v2\/pages\/1442\/revisions\/4980"}],"up":[{"embeddable":true,"href":"https:\/\/www.wuerzberg.info\/index.php?rest_route=\/wp\/v2\/pages\/8"}],"wp:attachment":[{"href":"https:\/\/www.wuerzberg.info\/index.php?rest_route=%2Fwp%2Fv2%2Fmedia&parent=1442"}],"curies":[{"name":"wp","href":"https:\/\/api.w.org\/{rel}","templated":true}]}}