{"id":1467,"date":"2017-09-13T21:58:08","date_gmt":"2017-09-13T19:58:08","guid":{"rendered":"http:\/\/www.wuerzberg.info\/?page_id=1467"},"modified":"2019-05-08T16:17:51","modified_gmt":"2019-05-08T14:17:51","slug":"spielmannszug-der-freiwilligen-feuerwehr-wuerzberg","status":"publish","type":"page","link":"https:\/\/www.wuerzberg.info\/?page_id=1467","title":{"rendered":"Spielmannszug der Freiwilligen Feuerwehr W\u00fcrzberg"},"content":{"rendered":"<p><img data-recalc-dims=\"1\" loading=\"lazy\" decoding=\"async\" data-attachment-id=\"1479\" data-permalink=\"https:\/\/www.wuerzberg.info\/?attachment_id=1479\" data-orig-file=\"https:\/\/i0.wp.com\/www.wuerzberg.info\/wp-content\/uploads\/2017\/09\/Spielmannszug.jpg?fit=432%2C335&amp;ssl=1\" data-orig-size=\"432,335\" data-comments-opened=\"0\" data-image-meta=\"{&quot;aperture&quot;:&quot;0&quot;,&quot;credit&quot;:&quot;&quot;,&quot;camera&quot;:&quot;&quot;,&quot;caption&quot;:&quot;&quot;,&quot;created_timestamp&quot;:&quot;0&quot;,&quot;copyright&quot;:&quot;&quot;,&quot;focal_length&quot;:&quot;0&quot;,&quot;iso&quot;:&quot;0&quot;,&quot;shutter_speed&quot;:&quot;0&quot;,&quot;title&quot;:&quot;&quot;,&quot;orientation&quot;:&quot;0&quot;}\" data-image-title=\"Spielmannszug\" data-image-description=\"\" data-image-caption=\"\" data-large-file=\"https:\/\/i0.wp.com\/www.wuerzberg.info\/wp-content\/uploads\/2017\/09\/Spielmannszug.jpg?fit=432%2C335&amp;ssl=1\" class=\"alignleft wp-image-1479\" src=\"https:\/\/i0.wp.com\/www.wuerzberg.info\/wp-content\/uploads\/2017\/09\/Spielmannszug-300x233.jpg?resize=133%2C103\" alt=\"\" width=\"133\" height=\"103\" srcset=\"https:\/\/i0.wp.com\/www.wuerzberg.info\/wp-content\/uploads\/2017\/09\/Spielmannszug.jpg?resize=300%2C233&amp;ssl=1 300w, https:\/\/i0.wp.com\/www.wuerzberg.info\/wp-content\/uploads\/2017\/09\/Spielmannszug.jpg?resize=200%2C155&amp;ssl=1 200w, https:\/\/i0.wp.com\/www.wuerzberg.info\/wp-content\/uploads\/2017\/09\/Spielmannszug.jpg?w=432&amp;ssl=1 432w\" sizes=\"auto, (max-width: 133px) 100vw, 133px\" \/><\/p>\n<p>Durch die spezielle Besetzung an Querfl\u00f6ten, dem erweiterten Stabspielsatz und die vielf\u00e4ltige Schlagwerk-Abteilung sind wir in der Lage, nahezu jedes Musikst\u00fcck zu interpretieren. Egal ob M\u00e4rsche, Polkas, Schlager, Filmmusik, klassische Werke oder eigens komponierte Titel, unser Programm h\u00e4lt f\u00fcr jeden etwas bereit.<\/p>\n<p>Neben vereinseigenen Ausbildern f\u00fcr die Grundausbildung haben wir auch musikalische Fachkr\u00e4fte f\u00fcr die Ausbildung an den Instrumenten Querfl\u00f6te, Schlagzeug und Stabspiel im Kader, die interessierten Kindern, aber auch Quereinsteigern, die Integration im Orchester erm\u00f6glichen.<\/p>\n<h2>Probetermine<\/h2>\n<p>Wir musizieren mittwochs ab 19:30 Uhr im 1. OG des Feuerwehrhauses in W\u00fcrzberg.<\/p>\n<h2>Kontakt<\/h2>\n<p>Dirigent: Maximilian Brohm<br \/>\nFacebookseite: <a href=\"http:\/\/www.facebook.com\/spzffw\/\">http:\/\/www.facebook.com\/spzffw\/<\/a><\/p>\n","protected":false},"excerpt":{"rendered":"<p>Durch die spezielle Besetzung an Querfl\u00f6ten, dem erweiterten Stabspielsatz und die vielf\u00e4ltige Schlagwerk-Abteilung sind wir in der Lage, nahezu jedes Musikst\u00fcck zu interpretieren. Egal ob M\u00e4rsche, Polkas, Schlager, Filmmusik, klassische Werke oder eigens komponierte Titel, unser Programm h\u00e4lt f\u00fcr jeden etwas bereit. Neben vereinseigenen Ausbildern f\u00fcr die Grundausbildung haben wir auch musikalische Fachkr\u00e4fte f\u00fcr die [&hellip;]<\/p>\n","protected":false},"author":1,"featured_media":0,"parent":8,"menu_order":0,"comment_status":"closed","ping_status":"closed","template":"","meta":{"jetpack_post_was_ever_published":false,"footnotes":""},"class_list":["post-1467","page","type-page","status-publish","hentry"],"jetpack_shortlink":"https:\/\/wp.me\/P71HmM-nF","jetpack_sharing_enabled":true,"publishpress_future_workflow_manual_trigger":{"enabledWorkflows":[]},"_links":{"self":[{"href":"https:\/\/www.wuerzberg.info\/index.php?rest_route=\/wp\/v2\/pages\/1467","targetHints":{"allow":["GET"]}}],"collection":[{"href":"https:\/\/www.wuerzberg.info\/index.php?rest_route=\/wp\/v2\/pages"}],"about":[{"href":"https:\/\/www.wuerzberg.info\/index.php?rest_route=\/wp\/v2\/types\/page"}],"author":[{"embeddable":true,"href":"https:\/\/www.wuerzberg.info\/index.php?rest_route=\/wp\/v2\/users\/1"}],"replies":[{"embeddable":true,"href":"https:\/\/www.wuerzberg.info\/index.php?rest_route=%2Fwp%2Fv2%2Fcomments&post=1467"}],"version-history":[{"count":4,"href":"https:\/\/www.wuerzberg.info\/index.php?rest_route=\/wp\/v2\/pages\/1467\/revisions"}],"predecessor-version":[{"id":2440,"href":"https:\/\/www.wuerzberg.info\/index.php?rest_route=\/wp\/v2\/pages\/1467\/revisions\/2440"}],"up":[{"embeddable":true,"href":"https:\/\/www.wuerzberg.info\/index.php?rest_route=\/wp\/v2\/pages\/8"}],"wp:attachment":[{"href":"https:\/\/www.wuerzberg.info\/index.php?rest_route=%2Fwp%2Fv2%2Fmedia&parent=1467"}],"curies":[{"name":"wp","href":"https:\/\/api.w.org\/{rel}","templated":true}]}}