{"id":2028,"date":"2018-12-30T11:09:09","date_gmt":"2018-12-30T10:09:09","guid":{"rendered":"http:\/\/www.wuerzberg.info\/?page_id=2028"},"modified":"2026-03-04T20:35:16","modified_gmt":"2026-03-04T19:35:16","slug":"maengelmelder","status":"publish","type":"page","link":"https:\/\/www.wuerzberg.info\/?page_id=2028","title":{"rendered":"M\u00e4ngelmelder"},"content":{"rendered":"\n<p><strong>M\u00e4ngelmelder der Stadt Michelstadt<\/strong><br><br><a href=\"https:\/\/www.michelstadt.de\/maengelmelder\/\" target=\"_blank\" rel=\"noreferrer noopener\" aria-label=\" (opens in a new tab)\">https:\/\/www.michelstadt.de\/maengelmelder\/<\/a><\/p>\n\n\n\n<p><strong>M\u00e4ngelmelder Stra\u00dfenbeleuchtung<\/strong><\/p>\n\n\n\n<p><a href=\"https:\/\/www.e-netz-suedhessen.de\/kontakt-service\/stoerungen\/maengelmelder-strassenbeleuchtung\" target=\"_blank\" rel=\"noreferrer noopener\">https:\/\/www.e-netz-suedhessen.de\/kontakt-service\/stoerungen\/maengelmelder-strassenbeleuchtung<\/a> <\/p>\n\n\n\n<p><strong>EinfachMachen-Portal<\/strong><\/p>\n\n\n\n<p>Hier schildern Sie praxisnah, wo Abl\u00e4ufe unn\u00f6tig komplex, unverst\u00e4ndlich, umst\u00e4ndlich oder gar doppelt sind. So entsteht eine Verwaltung, die schneller reagiert, weniger Aufwand verursacht und konsequent am Nutzen von B\u00fcrgerinnen, B\u00fcrgern und der Wirtschaft ausgerichtet ist.<\/p>\n\n\n\n<p><a href=\"https:\/\/einfach-machen.gov.de\/\" target=\"_blank\" rel=\"noreferrer noopener\">https:\/\/einfach-machen.gov.de\/<\/a><br><br><\/p>\n\n\n\n<p><\/p>\n","protected":false},"excerpt":{"rendered":"<p>M\u00e4ngelmelder der Stadt Michelstadt https:\/\/www.michelstadt.de\/maengelmelder\/ M\u00e4ngelmelder Stra\u00dfenbeleuchtung https:\/\/www.e-netz-suedhessen.de\/kontakt-service\/stoerungen\/maengelmelder-strassenbeleuchtung EinfachMachen-Portal Hier schildern Sie praxisnah, wo Abl\u00e4ufe unn\u00f6tig komplex, unverst\u00e4ndlich, umst\u00e4ndlich oder gar doppelt sind. So entsteht eine Verwaltung, die schneller reagiert, weniger Aufwand verursacht und konsequent am Nutzen von B\u00fcrgerinnen, B\u00fcrgern und der Wirtschaft ausgerichtet ist. https:\/\/einfach-machen.gov.de\/<\/p>\n","protected":false},"author":1,"featured_media":0,"parent":125,"menu_order":850,"comment_status":"closed","ping_status":"closed","template":"","meta":{"jetpack_post_was_ever_published":false,"footnotes":""},"class_list":["post-2028","page","type-page","status-publish","hentry"],"jetpack_shortlink":"https:\/\/wp.me\/P71HmM-wI","jetpack_sharing_enabled":true,"publishpress_future_workflow_manual_trigger":{"enabledWorkflows":[]},"_links":{"self":[{"href":"https:\/\/www.wuerzberg.info\/index.php?rest_route=\/wp\/v2\/pages\/2028","targetHints":{"allow":["GET"]}}],"collection":[{"href":"https:\/\/www.wuerzberg.info\/index.php?rest_route=\/wp\/v2\/pages"}],"about":[{"href":"https:\/\/www.wuerzberg.info\/index.php?rest_route=\/wp\/v2\/types\/page"}],"author":[{"embeddable":true,"href":"https:\/\/www.wuerzberg.info\/index.php?rest_route=\/wp\/v2\/users\/1"}],"replies":[{"embeddable":true,"href":"https:\/\/www.wuerzberg.info\/index.php?rest_route=%2Fwp%2Fv2%2Fcomments&post=2028"}],"version-history":[{"count":7,"href":"https:\/\/www.wuerzberg.info\/index.php?rest_route=\/wp\/v2\/pages\/2028\/revisions"}],"predecessor-version":[{"id":7073,"href":"https:\/\/www.wuerzberg.info\/index.php?rest_route=\/wp\/v2\/pages\/2028\/revisions\/7073"}],"up":[{"embeddable":true,"href":"https:\/\/www.wuerzberg.info\/index.php?rest_route=\/wp\/v2\/pages\/125"}],"wp:attachment":[{"href":"https:\/\/www.wuerzberg.info\/index.php?rest_route=%2Fwp%2Fv2%2Fmedia&parent=2028"}],"curies":[{"name":"wp","href":"https:\/\/api.w.org\/{rel}","templated":true}]}}