{"id":2048,"date":"2019-01-13T16:11:42","date_gmt":"2019-01-13T14:11:42","guid":{"rendered":"http:\/\/www.wuerzberg.info\/?page_id=2048"},"modified":"2026-05-06T06:57:11","modified_gmt":"2026-05-06T04:57:11","slug":"test","status":"publish","type":"page","link":"https:\/\/www.wuerzberg.info\/?page_id=2048","title":{"rendered":"Webcam"},"content":{"rendered":"\n<p class=\"has-text-align-center has-black-color has-luminous-vivid-amber-background-color has-text-color has-background has-medium-font-size\"><strong>\ud83e\ude78 Blutspendetermin \u2013 Donnerstag 07.05.2026 -> <a href=\"https:\/\/www.blutspende.de\/blutspendetermine\/termine\/403151\" target=\"_blank\" rel=\"noreferrer noopener\">zur Terminreservierung!<\/a> \ud83d\ude91<\/strong><\/p>\n\n\n\n<p class=\"has-text-align-center has-black-color has-luminous-vivid-amber-background-color has-text-color has-background\"><strong>Du m\u00f6chtest den Betrieb dieser Seite unterst\u00fctzen? <a rel=\"noreferrer noopener\" href=\"https:\/\/amzn.to\/3LbkBOb\" target=\"_blank\">\u27a1 WERBELINK &#8211; AMAZON \u2b05<\/a><\/strong><br><sub>Ein Kauf \u00fcber diesen Link unterst\u00fctz den Betrieb dieser Seite. F\u00fcr den K\u00e4ufer entstehen keine Mehrkosten!<\/sub><\/p>\n\n\n\n\t\t<div class=\"react-webcam\"\n\t\t\tdata-ajax-url=\"https:\/\/www.wuerzberg.info\/wp-admin\/admin-ajax.php\"\n\t\t\tdata-images-root-url=\"https:\/\/www.wuerzberg.info\/wp-content\/uploads\/webcam\/pics\/\"\n\t\t\tdata-subdir=\"pics\"\n\t\t\tdata-initial-image-filename=\"P26050709502810.jpg\"\n\t\t\tdata-refresh-interval=\"60\">\n\t\t\t<img data-recalc-dims=\"1\" decoding=\"async\" src=\"https:\/\/i0.wp.com\/www.wuerzberg.info\/wp-content\/uploads\/webcam\/pics\/P26050709502810.jpg?w=625&#038;ssl=1\" \/>\n\t\t<\/div>\n\n\n\n<p class=\"has-text-align-center has-black-color has-luminous-vivid-amber-background-color has-text-color has-background\"><strong>Du m\u00f6chtest den Betrieb dieser Seite unterst\u00fctzen? <a rel=\"noreferrer noopener\" href=\"https:\/\/amzn.to\/3LbkBOb\" target=\"_blank\">\u27a1 WERBELINK &#8211; AMAZON \u2b05<\/a><\/strong><br><sub>Ein Kauf \u00fcber diesen Link unterst\u00fctz den Betrieb dieser Seite. F\u00fcr den K\u00e4ufer entstehen keine Mehrkosten!<\/sub><\/p>\n\n\n\n<p>Ein <em>Kauf \u00fcber die Affiliatelinks unterst\u00fctzt den Betrieb dieser Homepage. Bei einen Kauf \u00fcber diesen Link erhalte ich eine kleine Provision f\u00fcr den Homepagebetrieb, f\u00fcr dich \u00e4ndert sich am Preis nichts. Diese Homepage wird privat finanziert und betrieben.<\/em><\/p>\n\n\n\n<p>Verwendete Webcam [asa tpl=&#8220;default_de&#8220;]B071463MP5[\/asa]<\/p>\n\n\n\n<div class=\"wp-block-columns is-layout-flex wp-container-core-columns-is-layout-9d6595d7 wp-block-columns-is-layout-flex\">\n<div class=\"wp-block-column is-layout-flow wp-block-column-is-layout-flow\">\n<figure class=\"wp-block-image size-full\"><img data-recalc-dims=\"1\" loading=\"lazy\" decoding=\"async\" width=\"625\" height=\"487\" data-attachment-id=\"2240\" data-permalink=\"https:\/\/www.wuerzberg.info\/?attachment_id=2240\" data-orig-file=\"https:\/\/i0.wp.com\/www.wuerzberg.info\/wp-content\/uploads\/2019\/02\/2019_Karte_Webcam.png?fit=1005%2C783&amp;ssl=1\" data-orig-size=\"1005,783\" data-comments-opened=\"0\" data-image-meta=\"{&quot;aperture&quot;:&quot;0&quot;,&quot;credit&quot;:&quot;&quot;,&quot;camera&quot;:&quot;&quot;,&quot;caption&quot;:&quot;&quot;,&quot;created_timestamp&quot;:&quot;0&quot;,&quot;copyright&quot;:&quot;&quot;,&quot;focal_length&quot;:&quot;0&quot;,&quot;iso&quot;:&quot;0&quot;,&quot;shutter_speed&quot;:&quot;0&quot;,&quot;title&quot;:&quot;&quot;,&quot;orientation&quot;:&quot;0&quot;}\" data-image-title=\"2019_Karte_Webcam\" data-image-description=\"\" data-image-caption=\"\" data-large-file=\"https:\/\/i0.wp.com\/www.wuerzberg.info\/wp-content\/uploads\/2019\/02\/2019_Karte_Webcam.png?fit=625%2C487&amp;ssl=1\" src=\"https:\/\/i0.wp.com\/www.wuerzberg.info\/wp-content\/uploads\/2019\/02\/2019_Karte_Webcam.png?resize=625%2C487&#038;ssl=1\" alt=\"\" class=\"wp-image-2240\" srcset=\"https:\/\/i0.wp.com\/www.wuerzberg.info\/wp-content\/uploads\/2019\/02\/2019_Karte_Webcam.png?w=1005&amp;ssl=1 1005w, https:\/\/i0.wp.com\/www.wuerzberg.info\/wp-content\/uploads\/2019\/02\/2019_Karte_Webcam.png?resize=300%2C234&amp;ssl=1 300w, https:\/\/i0.wp.com\/www.wuerzberg.info\/wp-content\/uploads\/2019\/02\/2019_Karte_Webcam.png?resize=768%2C598&amp;ssl=1 768w, https:\/\/i0.wp.com\/www.wuerzberg.info\/wp-content\/uploads\/2019\/02\/2019_Karte_Webcam.png?resize=200%2C156&amp;ssl=1 200w\" sizes=\"auto, (max-width: 625px) 100vw, 625px\" \/><\/figure>\n<\/div>\n\n\n\n<div class=\"wp-block-column is-layout-flow wp-block-column-is-layout-flow\">\n<p> Nachdem W\u00fcrzberg als erster Michelst\u00e4dter Stadtteil \u00fcber freies WLAN in seinem Dorfgemeinschaftshaus verf\u00fcgt, wurde der Betrieb einer Webcam erst erm\u00f6glicht.<br>Die Kamera ist am Dorfgemeinschaftshaus mit s\u00fcdlicher Blickrichtung montiert. Zu sehen ist die ehemalige <em>\u201eSchwimmbadh\u00fctte\u201c<\/em> am heutigen L\u00f6schteich.<br><br>Rechtlicher Hinweis: Die Webcam ist sichtbar als solche gekennzeichnet und zeigt keinen Nutzungsbereich des Dorfgemeinschaftshauses. Sie dient der Landschaftsaufnahme.  <\/p>\n<\/div>\n<\/div>\n\n\n\n<p><\/p>\n","protected":false},"excerpt":{"rendered":"<p>\ud83e\ude78 Blutspendetermin \u2013 Donnerstag 07.05.2026 -> zur Terminreservierung! \ud83d\ude91 Du m\u00f6chtest den Betrieb dieser Seite unterst\u00fctzen? \u27a1 WERBELINK &#8211; AMAZON \u2b05Ein Kauf \u00fcber diesen Link unterst\u00fctz den Betrieb dieser Seite. F\u00fcr den K\u00e4ufer entstehen keine Mehrkosten! Du m\u00f6chtest den Betrieb dieser Seite unterst\u00fctzen? \u27a1 WERBELINK &#8211; AMAZON \u2b05Ein Kauf \u00fcber diesen Link unterst\u00fctz den Betrieb [&hellip;]<\/p>\n","protected":false},"author":1,"featured_media":0,"parent":0,"menu_order":0,"comment_status":"closed","ping_status":"closed","template":"page-templates\/full-width.php","meta":{"footnotes":""},"class_list":["post-2048","page","type-page","status-publish","hentry"],"jetpack_shortlink":"https:\/\/wp.me\/P71HmM-x2","jetpack_sharing_enabled":true,"publishpress_future_workflow_manual_trigger":{"enabledWorkflows":[]},"_links":{"self":[{"href":"https:\/\/www.wuerzberg.info\/index.php?rest_route=\/wp\/v2\/pages\/2048","targetHints":{"allow":["GET"]}}],"collection":[{"href":"https:\/\/www.wuerzberg.info\/index.php?rest_route=\/wp\/v2\/pages"}],"about":[{"href":"https:\/\/www.wuerzberg.info\/index.php?rest_route=\/wp\/v2\/types\/page"}],"author":[{"embeddable":true,"href":"https:\/\/www.wuerzberg.info\/index.php?rest_route=\/wp\/v2\/users\/1"}],"replies":[{"embeddable":true,"href":"https:\/\/www.wuerzberg.info\/index.php?rest_route=%2Fwp%2Fv2%2Fcomments&post=2048"}],"version-history":[{"count":207,"href":"https:\/\/www.wuerzberg.info\/index.php?rest_route=\/wp\/v2\/pages\/2048\/revisions"}],"predecessor-version":[{"id":7200,"href":"https:\/\/www.wuerzberg.info\/index.php?rest_route=\/wp\/v2\/pages\/2048\/revisions\/7200"}],"wp:attachment":[{"href":"https:\/\/www.wuerzberg.info\/index.php?rest_route=%2Fwp%2Fv2%2Fmedia&parent=2048"}],"curies":[{"name":"wp","href":"https:\/\/api.w.org\/{rel}","templated":true}]}}