{"id":2425,"date":"2019-05-06T17:40:58","date_gmt":"2019-05-06T15:40:58","guid":{"rendered":"http:\/\/www.wuerzberg.info\/?page_id=2425"},"modified":"2019-05-06T18:15:15","modified_gmt":"2019-05-06T16:15:15","slug":"deutscher-amateur-radio-club-e-v-darc","status":"publish","type":"page","link":"https:\/\/www.wuerzberg.info\/?page_id=2425","title":{"rendered":"Deutscher Amateur-Radio-Club e.V. (DARC)"},"content":{"rendered":"\n<p>Der <strong>Ortsverband M\u00fcmlingtal,<\/strong> mit seinen 40 Mitgliedern, besteht seit 50 Jahren im Odenwald. Seit einem Jahr sind wir die P\u00e4chter vom Gel\u00e4nde des fr\u00fcheren <strong>Abenteuerwald in W\u00fcrzberg<\/strong>. Als einer von \u00fcber 1000 Ortsverb\u00e4nden des <strong>Deutschen Amateur-Radio-Club (DARC) e.V. <\/strong>leben wir vor Ort die Faszination Amateurfunk mit all seinen Facetten.<\/p>\n\n\n\n<figure class=\"wp-block-image\"><img data-recalc-dims=\"1\" loading=\"lazy\" decoding=\"async\" width=\"625\" height=\"335\" data-attachment-id=\"2430\" data-permalink=\"https:\/\/www.wuerzberg.info\/?attachment_id=2430\" data-orig-file=\"https:\/\/i0.wp.com\/www.wuerzberg.info\/wp-content\/uploads\/2019\/05\/Logo_DARC2.png?fit=961%2C515&amp;ssl=1\" data-orig-size=\"961,515\" data-comments-opened=\"0\" data-image-meta=\"{&quot;aperture&quot;:&quot;0&quot;,&quot;credit&quot;:&quot;&quot;,&quot;camera&quot;:&quot;&quot;,&quot;caption&quot;:&quot;&quot;,&quot;created_timestamp&quot;:&quot;0&quot;,&quot;copyright&quot;:&quot;&quot;,&quot;focal_length&quot;:&quot;0&quot;,&quot;iso&quot;:&quot;0&quot;,&quot;shutter_speed&quot;:&quot;0&quot;,&quot;title&quot;:&quot;&quot;,&quot;orientation&quot;:&quot;0&quot;}\" data-image-title=\"Logo_DARC2\" data-image-description=\"\" data-image-caption=\"\" data-large-file=\"https:\/\/i0.wp.com\/www.wuerzberg.info\/wp-content\/uploads\/2019\/05\/Logo_DARC2.png?fit=625%2C335&amp;ssl=1\" src=\"https:\/\/i0.wp.com\/www.wuerzberg.info\/wp-content\/uploads\/2019\/05\/Logo_DARC2.png?resize=625%2C335&#038;ssl=1\" alt=\"\" class=\"wp-image-2430\" srcset=\"https:\/\/i0.wp.com\/www.wuerzberg.info\/wp-content\/uploads\/2019\/05\/Logo_DARC2.png?w=961&amp;ssl=1 961w, https:\/\/i0.wp.com\/www.wuerzberg.info\/wp-content\/uploads\/2019\/05\/Logo_DARC2.png?resize=300%2C161&amp;ssl=1 300w, https:\/\/i0.wp.com\/www.wuerzberg.info\/wp-content\/uploads\/2019\/05\/Logo_DARC2.png?resize=768%2C412&amp;ssl=1 768w, https:\/\/i0.wp.com\/www.wuerzberg.info\/wp-content\/uploads\/2019\/05\/Logo_DARC2.png?resize=200%2C107&amp;ssl=1 200w\" sizes=\"auto, (max-width: 625px) 100vw, 625px\" \/><\/figure>\n\n\n\n<p>Selbst in Zeiten von Internet und\nMobiltelefon hat der Amateurfunk nichts von seiner Anziehungskraft verloren. Im\nGegenteil, viele der neuen digitalen Techniken lassen sich mit unserem Hobby\nverbinden und sind aus einigen Bereichen nicht mehr wegzudenken. <\/p>\n\n\n\n<p>Insbesondere in der Jugendarbeit, Stichwort\n\u201eVom Funkamateur zum Ingenieur\u201c, und der Not- und Krisenkommunikation leisten\nFunkamateure weltweit einen wichtigen gesellschaftlichen Beitrag.Denn der\nAmateurfunk funktioniert auch dann noch, wenn im Katastrophenfall alle\nkommerziellen Nachrichtenverbindungen zerst\u00f6rt worden sind. <\/p>\n\n\n\n<p>Weltweit fasziniert der Amateurfunk etwa 2,5\nMillionen Menschen jeden Alters und tr\u00e4gt Tag f\u00fcr Tag zur V\u00f6lkerverst\u00e4ndigung\n\u00fcber die Landesgrenzen hinaus bei. Die Kombination aus Kommunikation, Technik\nund Sport macht den Amateurfunk zu einer einzigartigen, facettenreichen und\nzukunftsweisenden Freizeitbesch\u00e4ftigung.<\/p>\n\n\n\n<p>Gerne m\u00f6chten wir Ihnen pers\u00f6nlich einen\nEindruck von dem faszinierenden und v\u00f6lkerverbindenden Thema Amateurfunk\nvermitteln.<\/p>\n\n\n\n<h4 class=\"wp-block-heading\">Kontakt <\/h4>\n\n\n\n<p><em>Richard Sattler DD4FL<br>1.Vorsitzender DARC e.V. OV M\u00fcmlingtal F35<br>Tel.: 06062 8099290<\/em><br>Homepage: <a href=\"https:\/\/www.darc.de\/der-club\/distrikte\/f\/ortsverbaende\/35\/\">https:\/\/www.darc.de\/der-club\/distrikte\/f\/ortsverbaende\/35\/<\/a> <\/p>\n","protected":false},"excerpt":{"rendered":"<p>Der Ortsverband M\u00fcmlingtal, mit seinen 40 Mitgliedern, besteht seit 50 Jahren im Odenwald. Seit einem Jahr sind wir die P\u00e4chter vom Gel\u00e4nde des fr\u00fcheren Abenteuerwald in W\u00fcrzberg. Als einer von \u00fcber 1000 Ortsverb\u00e4nden des Deutschen Amateur-Radio-Club (DARC) e.V. leben wir vor Ort die Faszination Amateurfunk mit all seinen Facetten. Selbst in Zeiten von Internet und [&hellip;]<\/p>\n","protected":false},"author":1,"featured_media":0,"parent":8,"menu_order":0,"comment_status":"closed","ping_status":"closed","template":"","meta":{"jetpack_post_was_ever_published":false,"footnotes":""},"class_list":["post-2425","page","type-page","status-publish","hentry"],"jetpack_shortlink":"https:\/\/wp.me\/P71HmM-D7","jetpack_sharing_enabled":true,"publishpress_future_workflow_manual_trigger":{"enabledWorkflows":[]},"_links":{"self":[{"href":"https:\/\/www.wuerzberg.info\/index.php?rest_route=\/wp\/v2\/pages\/2425","targetHints":{"allow":["GET"]}}],"collection":[{"href":"https:\/\/www.wuerzberg.info\/index.php?rest_route=\/wp\/v2\/pages"}],"about":[{"href":"https:\/\/www.wuerzberg.info\/index.php?rest_route=\/wp\/v2\/types\/page"}],"author":[{"embeddable":true,"href":"https:\/\/www.wuerzberg.info\/index.php?rest_route=\/wp\/v2\/users\/1"}],"replies":[{"embeddable":true,"href":"https:\/\/www.wuerzberg.info\/index.php?rest_route=%2Fwp%2Fv2%2Fcomments&post=2425"}],"version-history":[{"count":6,"href":"https:\/\/www.wuerzberg.info\/index.php?rest_route=\/wp\/v2\/pages\/2425\/revisions"}],"predecessor-version":[{"id":2432,"href":"https:\/\/www.wuerzberg.info\/index.php?rest_route=\/wp\/v2\/pages\/2425\/revisions\/2432"}],"up":[{"embeddable":true,"href":"https:\/\/www.wuerzberg.info\/index.php?rest_route=\/wp\/v2\/pages\/8"}],"wp:attachment":[{"href":"https:\/\/www.wuerzberg.info\/index.php?rest_route=%2Fwp%2Fv2%2Fmedia&parent=2425"}],"curies":[{"name":"wp","href":"https:\/\/api.w.org\/{rel}","templated":true}]}}