{"id":6583,"date":"2025-05-12T19:11:43","date_gmt":"2025-05-12T17:11:43","guid":{"rendered":"https:\/\/www.wuerzberg.info\/?page_id=6583"},"modified":"2025-05-12T19:16:59","modified_gmt":"2025-05-12T17:16:59","slug":"kinder-und-jugendarbeit-in-wuerzberg","status":"publish","type":"page","link":"https:\/\/www.wuerzberg.info\/?page_id=6583","title":{"rendered":"Kinder- und Jugendarbeit in W\u00fcrzberg"},"content":{"rendered":"\n<figure class=\"wp-block-table\"><table><thead><tr><th>Tag<\/th><th>Uhrzeit<\/th><th>regelm\u00e4\u00dfig<\/th><th>Gruppe<\/th><th>Alter<\/th><th>Verein<\/th><th>Ansprechpartner<\/th><\/tr><\/thead><tbody><tr><td><strong>Montag<\/strong><\/td><td><\/td><td>14 t\u00e4gig<\/td><td><strong>Kinderfeuerwehr<\/strong><\/td><td>6-9 Jahre<\/td><td>FFW W\u00fcrzberg<\/td><td>Julia Reubold und Jens Fill<\/td><\/tr><tr><td><strong>Montag<\/strong><\/td><td><\/td><td>14 t\u00e4gig<\/td><td><strong>Jugendfeuerwehr<\/strong><\/td><td>10-17 Jahre<\/td><td>FFW W\u00fcrzberg<\/td><td>Corina Mayer<\/td><\/tr><tr><td><strong>Montag<\/strong><\/td><td>19:00 Uhr<\/td><td><\/td><td><strong>Sch\u00fctzenjugend<\/strong><\/td><td><\/td><td>Sch\u00fctzenverein W\u00fcrzberg<\/td><td>Alena Lang<\/td><\/tr><tr><td><strong>Dienstag<\/strong><\/td><td>16:00 &#8211; 17:00 Uhr<\/td><td>w\u00f6chentlich<\/td><td><strong>Kinderturnen<\/strong><br>(mit Eltern)<\/td><td><\/td><td>VfR W\u00fcrzberg<\/td><td>Tanja Dingeldein<\/td><\/tr><tr><td><strong>Dienstag<\/strong><\/td><td>19:00 &#8211; 20:00 Uhr<\/td><td>w\u00f6chentlich Juni bis M\u00e4rz<\/td><td><strong>Jugendgarde<\/strong><\/td><td>ab 12 Jahren<\/td><td>Landfrauen W\u00fcrzberg<\/td><td>Jenny Kretschmar &amp; Lisa Ehret<\/td><\/tr><tr><td><strong>Dienstag<\/strong><\/td><td>20:00 &#8211; 21:00 Uhr<\/td><td>w\u00f6chentlich Juni bis M\u00e4rz<\/td><td><strong>Funkengarde<\/strong><\/td><td>ab 18 Jahren<\/td><td>Landfrauen W\u00fcrzberg<\/td><td>Jenny Kretschmar&nbsp;&amp;&nbsp;Lisa&nbsp;Ehret<\/td><\/tr><tr><td><strong>Mittwoch<\/strong><\/td><td>19:30 Uhr<\/td><td>w\u00f6chentlich<\/td><td><strong>Spielmannszug<\/strong><\/td><td><\/td><td>FFW W\u00fcrzberg \/ Spielmannszug<\/td><td>Maximilian Brohm<\/td><\/tr><tr><td><strong>Donnerstag<\/strong><\/td><td>16:00 &#8211; 17:00 Uhr<\/td><td>w\u00f6chentlich von September bis Fastnacht<\/td><td><strong>Purzelgarde<\/strong><\/td><td>4-10 Jahre<\/td><td><\/td><td>Tanja Dingeldein<\/td><\/tr><tr><td><strong>Donnerstag<\/strong><\/td><td>17:30 &#8211; 18:15 Uhr<\/td><td>alle 14 Tage<\/td><td><strong>Jugendrotkreuz<\/strong> <strong>(JRK)<\/strong><\/td><td>6-9 Jahre<\/td><td>DRK<\/td><td>Manuel Dingeldein<\/td><\/tr><tr><td><strong>Donnerstag<\/strong><\/td><td>18:30 &#8211; 19:15 Uhr<\/td><td>alle 14 Tage<\/td><td><strong>Jugendrotkreuz<\/strong> <strong>(JRK)<\/strong><\/td><td>ab 10 Jahren<\/td><td>DRK<\/td><td>Manuel Dingeldein<\/td><\/tr><tr><td><strong>Freitag<\/strong><\/td><td><\/td><td><\/td><td><strong>Krabbelgruppe<\/strong><\/td><td><\/td><td><\/td><td><\/td><\/tr><tr><td><strong>Freitag<\/strong><\/td><td><\/td><td><\/td><td><strong>Nadel und Faden<\/strong><\/td><td><\/td><td>Ev. Kirche<\/td><td><\/td><\/tr><tr><td><strong>Freitag<\/strong><\/td><td>17:00 &#8211; 18:30 Uhr<\/td><td>Spontan \u00fcber den Sommer<\/td><td><strong>Fu\u00dfball Aktionstage<\/strong><\/td><td>3-10 Jahre<\/td><td>VfR W\u00fcrzberg<\/td><td><\/td><\/tr><tr><td><strong>Samstag<\/strong><\/td><td><\/td><td><\/td><td><strong>Kids-Treff<\/strong><\/td><td><\/td><td>Ev. Kirche<\/td><td><\/td><\/tr><\/tbody><\/table><\/figure>\n\n\n\n<p><\/p>\n","protected":false},"excerpt":{"rendered":"<p>Tag Uhrzeit regelm\u00e4\u00dfig Gruppe Alter Verein Ansprechpartner Montag 14 t\u00e4gig Kinderfeuerwehr 6-9 Jahre FFW W\u00fcrzberg Julia Reubold und Jens Fill Montag 14 t\u00e4gig Jugendfeuerwehr 10-17 Jahre FFW W\u00fcrzberg Corina Mayer Montag 19:00 Uhr Sch\u00fctzenjugend Sch\u00fctzenverein W\u00fcrzberg Alena Lang Dienstag 16:00 &#8211; 17:00 Uhr w\u00f6chentlich Kinderturnen(mit Eltern) VfR W\u00fcrzberg Tanja Dingeldein Dienstag 19:00 &#8211; 20:00 Uhr [&hellip;]<\/p>\n","protected":false},"author":1,"featured_media":0,"parent":0,"menu_order":0,"comment_status":"closed","ping_status":"closed","template":"","meta":{"jetpack_post_was_ever_published":false,"footnotes":""},"class_list":["post-6583","page","type-page","status-publish","hentry"],"jetpack_shortlink":"https:\/\/wp.me\/P71HmM-1Ib","jetpack_sharing_enabled":true,"publishpress_future_workflow_manual_trigger":{"enabledWorkflows":[]},"_links":{"self":[{"href":"https:\/\/www.wuerzberg.info\/index.php?rest_route=\/wp\/v2\/pages\/6583","targetHints":{"allow":["GET"]}}],"collection":[{"href":"https:\/\/www.wuerzberg.info\/index.php?rest_route=\/wp\/v2\/pages"}],"about":[{"href":"https:\/\/www.wuerzberg.info\/index.php?rest_route=\/wp\/v2\/types\/page"}],"author":[{"embeddable":true,"href":"https:\/\/www.wuerzberg.info\/index.php?rest_route=\/wp\/v2\/users\/1"}],"replies":[{"embeddable":true,"href":"https:\/\/www.wuerzberg.info\/index.php?rest_route=%2Fwp%2Fv2%2Fcomments&post=6583"}],"version-history":[{"count":10,"href":"https:\/\/www.wuerzberg.info\/index.php?rest_route=\/wp\/v2\/pages\/6583\/revisions"}],"predecessor-version":[{"id":6616,"href":"https:\/\/www.wuerzberg.info\/index.php?rest_route=\/wp\/v2\/pages\/6583\/revisions\/6616"}],"wp:attachment":[{"href":"https:\/\/www.wuerzberg.info\/index.php?rest_route=%2Fwp%2Fv2%2Fmedia&parent=6583"}],"curies":[{"name":"wp","href":"https:\/\/api.w.org\/{rel}","templated":true}]}}