{"id":6641,"date":"2025-06-03T14:02:31","date_gmt":"2025-06-03T12:02:31","guid":{"rendered":"https:\/\/www.wuerzberg.info\/?page_id=6641"},"modified":"2026-03-11T21:34:29","modified_gmt":"2026-03-11T20:34:29","slug":"dgh","status":"publish","type":"page","link":"https:\/\/www.wuerzberg.info\/?page_id=6641","title":{"rendered":"DGH"},"content":{"rendered":"\n<h2 class=\"wp-block-heading\">Dauernutzungen<\/h2>\n\n\n\n<figure class=\"wp-block-table\"><table><thead><tr><th class=\"has-text-align-center\" data-align=\"center\">Tag<\/th><th class=\"has-text-align-center\" data-align=\"center\">Uhrzeit<\/th><th>Gruppe<\/th><th>Verein<\/th><\/tr><\/thead><tbody><tr><td class=\"has-text-align-center\" data-align=\"center\"><strong>Montag<\/strong><\/td><td class=\"has-text-align-center\" data-align=\"center\">19:00-20:00<br><em>???<\/em><\/td><td><strong>Prinzengarde<\/strong> (pausiert bis Juli\/August)<\/td><td>Landfrauen<\/td><\/tr><tr><td class=\"has-text-align-center\" data-align=\"center\"><strong>Montag<\/strong><\/td><td class=\"has-text-align-center\" data-align=\"center\">20:00-21:00<br>???<\/td><td><strong>M\u00e4\u00e4\u00e4h-Chicks<\/strong> (pausiert bis Mai\/Juni)<\/td><td>Landfrauen<\/td><\/tr><tr><td class=\"has-text-align-center\" data-align=\"center\"><strong>Montag<\/strong><\/td><td class=\"has-text-align-center\" data-align=\"center\">19:30-20:30<\/td><td><strong>Line-Dance<\/strong> (au\u00dferhalb Fastnachttraining)<\/td><td>Landfrauen<\/td><\/tr><tr><td class=\"has-text-align-center\" data-align=\"center\"><\/td><td class=\"has-text-align-center\" data-align=\"center\"><\/td><td><\/td><td><\/td><\/tr><tr><td class=\"has-text-align-center\" data-align=\"center\"><strong>Dienstag<\/strong><\/td><td class=\"has-text-align-center\" data-align=\"center\">16:00-17:00<br><em>ganzj\u00e4hrig<\/em><\/td><td><strong>Kinderturnen<\/strong> (mit Eltern)<\/td><td>VfR<\/td><\/tr><tr><td class=\"has-text-align-center\" data-align=\"center\"><strong>Dienstag<\/strong><\/td><td class=\"has-text-align-center\" data-align=\"center\">17:30-18:30<br><em>ganzj\u00e4hrig<\/em><\/td><td><strong>Gymnastik<\/strong><\/td><td>Gruppe<\/td><\/tr><tr><td class=\"has-text-align-center\" data-align=\"center\"><strong>Dienstag<\/strong><\/td><td class=\"has-text-align-center\" data-align=\"center\">18:30-19:30<br><em>ganzj\u00e4hrig<\/em><\/td><td><strong>Jugendgarde<\/strong> (pausiert bis Mai\/Juni)<\/td><td>Landfrauen <\/td><\/tr><tr><td class=\"has-text-align-center\" data-align=\"center\"><strong>Dienstag<\/strong><\/td><td class=\"has-text-align-center\" data-align=\"center\">19:30-20:30<br>???<\/td><td><strong>Solo-Training<\/strong> (pausiert bis Mai\/Juni)<\/td><td>Landfrauen <\/td><\/tr><tr><td class=\"has-text-align-center\" data-align=\"center\"><strong>Dienstag<\/strong><\/td><td class=\"has-text-align-center\" data-align=\"center\">19:30-22:00<br>Fastnacht-&gt;Theater<\/td><td><strong>Theatergruppe &#8222;IWWERZW\u00c4ISCH&#8220;<\/strong><\/td><td>KuH<\/td><\/tr><tr><td class=\"has-text-align-center\" data-align=\"center\"><\/td><td class=\"has-text-align-center\" data-align=\"center\"><\/td><td><\/td><td><\/td><\/tr><tr><td class=\"has-text-align-center\" data-align=\"center\"><strong>Mittwoch<\/strong><\/td><td class=\"has-text-align-center\" data-align=\"center\">morgens<br><em>ganzj\u00e4hrig<\/em><\/td><td><strong>W\u00fcrzberger Kindergarten<\/strong><\/td><td>Michelstadt<\/td><\/tr><tr><td class=\"has-text-align-center\" data-align=\"center\"><strong>Mittwoch<\/strong><\/td><td class=\"has-text-align-center\" data-align=\"center\">19:00-20:00<br><em>ganzj\u00e4hrig<\/em><\/td><td><strong>M\u00e4nnerballett<\/strong> (pausiert bis September)<\/td><td>Landfrauen<\/td><\/tr><tr><td class=\"has-text-align-center\" data-align=\"center\"><strong>Mittwoch<\/strong><\/td><td class=\"has-text-align-center\" data-align=\"center\">19:30-22:00<\/td><td><strong>Spielmannszug<\/strong><br>(15.03.2026 &#8211; 04.04.2026)<\/td><td>FFW<\/td><\/tr><tr><td class=\"has-text-align-center\" data-align=\"center\"><\/td><td class=\"has-text-align-center\" data-align=\"center\"><\/td><td><\/td><td><\/td><\/tr><tr><td class=\"has-text-align-center\" data-align=\"center\"><strong>Donnerstag<\/strong><\/td><td class=\"has-text-align-center\" data-align=\"center\">16:00-17:30<br>Juni->Fastnacht<\/td><td><strong>Purzelgarde<\/strong> (pausiert bis Juni)<\/td><td>Landfrauen<\/td><\/tr><tr><td class=\"has-text-align-center\" data-align=\"center\"><strong>Donnerstag<\/strong><\/td><td class=\"has-text-align-center\" data-align=\"center\">19:30-22:00<\/td><td><strong>Theatergruppe &#8222;IWWERZW\u00c4ISCH&#8220;<\/strong><br>(05.03.2026-26.04.2026)<\/td><td>KuH<\/td><\/tr><tr><td class=\"has-text-align-center\" data-align=\"center\"><\/td><td class=\"has-text-align-center\" data-align=\"center\"><\/td><td>\u2139\ufe0f Pausiert: <strong>Yoga-Gruppe<\/strong><\/td><td><\/td><\/tr><tr><td class=\"has-text-align-center\" data-align=\"center\"><strong>Donnerstag<\/strong><\/td><td class=\"has-text-align-center\" data-align=\"center\">19:30-20:30<\/td><td>Geplant: <strong>Line-Dance<\/strong> (w\u00e4hrend Fastnachtstraining)<\/td><td>Landfrauen<\/td><\/tr><tr><td class=\"has-text-align-center\" data-align=\"center\"><\/td><td class=\"has-text-align-center\" data-align=\"center\"><\/td><td><\/td><td><\/td><\/tr><tr><td class=\"has-text-align-center\" data-align=\"center\"><strong>Freitag<\/strong><\/td><td class=\"has-text-align-center\" data-align=\"center\">19:30-20:30<br><em>ganzj\u00e4hrig<\/em><\/td><td><strong>Ladybirds<\/strong><\/td><td>Landfrauen<\/td><\/tr><tr><td class=\"has-text-align-center\" data-align=\"center\"><strong>Freitag<\/strong><\/td><td class=\"has-text-align-center\" data-align=\"center\"><\/td><td>\u2139\ufe0f Pausiert: <strong>Yoga-Gruppe<\/strong> <\/td><td><\/td><\/tr><tr><td class=\"has-text-align-center\" data-align=\"center\"><\/td><td class=\"has-text-align-center\" data-align=\"center\"><\/td><td><\/td><td><\/td><\/tr><tr><td class=\"has-text-align-center\" data-align=\"center\"><strong><strong>Samstag<\/strong><\/strong><\/td><td class=\"has-text-align-center\" data-align=\"center\"><\/td><td><\/td><td><\/td><\/tr><tr><td class=\"has-text-align-center\" data-align=\"center\"><strong>Sonntag<\/strong><\/td><td class=\"has-text-align-center\" data-align=\"center\"><\/td><td><\/td><td><\/td><\/tr><\/tbody><\/table><\/figure>\n\n\n\n<p class=\"has-text-align-right\">Stand: 11.03.2026<\/p>\n","protected":false},"excerpt":{"rendered":"<p>Dauernutzungen Tag Uhrzeit Gruppe Verein Montag 19:00-20:00??? Prinzengarde (pausiert bis Juli\/August) Landfrauen Montag 20:00-21:00??? M\u00e4\u00e4\u00e4h-Chicks (pausiert bis Mai\/Juni) Landfrauen Montag 19:30-20:30 Line-Dance (au\u00dferhalb Fastnachttraining) Landfrauen Dienstag 16:00-17:00ganzj\u00e4hrig Kinderturnen (mit Eltern) VfR Dienstag 17:30-18:30ganzj\u00e4hrig Gymnastik Gruppe Dienstag 18:30-19:30ganzj\u00e4hrig Jugendgarde (pausiert bis Mai\/Juni) Landfrauen Dienstag 19:30-20:30??? Solo-Training (pausiert bis Mai\/Juni) Landfrauen Dienstag 19:30-22:00Fastnacht-&gt;Theater Theatergruppe &#8222;IWWERZW\u00c4ISCH&#8220; KuH Mittwoch [&hellip;]<\/p>\n","protected":false},"author":1,"featured_media":0,"parent":0,"menu_order":0,"comment_status":"closed","ping_status":"closed","template":"","meta":{"jetpack_post_was_ever_published":false,"footnotes":""},"class_list":["post-6641","page","type-page","status-publish","hentry"],"jetpack_shortlink":"https:\/\/wp.me\/P71HmM-1J7","jetpack_sharing_enabled":true,"publishpress_future_workflow_manual_trigger":{"enabledWorkflows":[]},"_links":{"self":[{"href":"https:\/\/www.wuerzberg.info\/index.php?rest_route=\/wp\/v2\/pages\/6641","targetHints":{"allow":["GET"]}}],"collection":[{"href":"https:\/\/www.wuerzberg.info\/index.php?rest_route=\/wp\/v2\/pages"}],"about":[{"href":"https:\/\/www.wuerzberg.info\/index.php?rest_route=\/wp\/v2\/types\/page"}],"author":[{"embeddable":true,"href":"https:\/\/www.wuerzberg.info\/index.php?rest_route=\/wp\/v2\/users\/1"}],"replies":[{"embeddable":true,"href":"https:\/\/www.wuerzberg.info\/index.php?rest_route=%2Fwp%2Fv2%2Fcomments&post=6641"}],"version-history":[{"count":44,"href":"https:\/\/www.wuerzberg.info\/index.php?rest_route=\/wp\/v2\/pages\/6641\/revisions"}],"predecessor-version":[{"id":7085,"href":"https:\/\/www.wuerzberg.info\/index.php?rest_route=\/wp\/v2\/pages\/6641\/revisions\/7085"}],"wp:attachment":[{"href":"https:\/\/www.wuerzberg.info\/index.php?rest_route=%2Fwp%2Fv2%2Fmedia&parent=6641"}],"curies":[{"name":"wp","href":"https:\/\/api.w.org\/{rel}","templated":true}]}}