{"id":8,"date":"2010-05-16T18:49:47","date_gmt":"2010-05-16T16:49:47","guid":{"rendered":"http:\/\/www.schusterxxl.de\/wp_wuerzberg\/?page_id=8"},"modified":"2026-02-17T19:40:02","modified_gmt":"2026-02-17T18:40:02","slug":"vereine","status":"publish","type":"page","link":"https:\/\/www.wuerzberg.info\/?page_id=8","title":{"rendered":"Vereine"},"content":{"rendered":"\n<figure class=\"wp-block-table\"><table><tbody><tr><td><strong>Vereinsvorstellung<\/strong><\/td><td><strong>Vereinshomepage<\/strong><\/td><td>Instagram<\/td><\/tr><tr><td><a href=\"https:\/\/www.wuerzberg.info\/?page_id=2425\">Deutscher Amateur-Radio-Club e.V. (DARC)<\/a><\/td><td><a href=\"https:\/\/www.darc.de\/der-club\/distrikte\/f\/ortsverbaende\/35\/\" target=\"_blank\" rel=\"noreferrer noopener\">https:\/\/www.darc.de\/der-club\/distrikte\/f\/ortsverbaende\/35\/<\/a><\/td><td><\/td><\/tr><tr><td><a href=\"https:\/\/www.wuerzberg.info\/?page_id=1419\">DRK W\u00fcrzberg<\/a><\/td><td><a href=\"http:\/\/www.drk-wuerzberg.de\/\" target=\"_blank\" rel=\"noreferrer noopener\">http:\/\/www.drk-wuerzberg.de<\/a><\/td><td><a href=\"https:\/\/www.instagram.com\/drk_ov_wuerzberg\/\" target=\"_blank\" rel=\"noreferrer noopener\">Instagram @drk_ov_wuerzberg\/<\/a><\/td><\/tr><tr><td>Elferrat W\u00fcrzberg<\/td><td><\/td><td><a href=\"https:\/\/www.instagram.com\/elferrat_garde_wuerzberg\/\" target=\"_blank\" rel=\"noreferrer noopener\">Instagram @elferrat_garde_wuerzberg<\/a><\/td><\/tr><tr><td><a href=\"https:\/\/www.wuerzberg.info\/?page_id=1427\">Evang. Kirchengemeinde<\/a><\/td><td><a rel=\"noreferrer noopener\" href=\"https:\/\/www.stadtkirche-michelstadt.de\/wuerzberg\/\" target=\"_blank\">https:\/\/www.stadtkirche-michelstadt.de\/wuerzberg\/<\/a><\/td><td><\/td><\/tr><tr><td><a href=\"https:\/\/www.wuerzberg.info\/?page_id=1421\">FFW-W\u00fcrzberg<\/a><\/td><td><a href=\"https:\/\/www.facebook.com\/ffwwuerzberg\/\" target=\"_blank\" rel=\"noreferrer noopener\">https:\/\/www.facebook.com\/ffwwuerzberg\/<\/a><\/td><td><a href=\"https:\/\/www.instagram.com\/feuerwehrwuerzberg\/\" target=\"_blank\" rel=\"noreferrer noopener\">Instagram @feuerwehrwuerzberg<\/a><\/td><\/tr><tr><td>KerweClub W\u00fcrzberg<\/td><td><a rel=\"noreferrer noopener\" href=\"http:\/\/www.kerweclub.de\/\" target=\"_blank\">KerweClub<\/a><\/td><td><a href=\"https:\/\/www.instagram.com\/kerweclub_wuerzberg\/\" target=\"_blank\" rel=\"noreferrer noopener\">Instagram @kerweclub_wuerzberg<\/a><\/td><\/tr><tr><td><a href=\"https:\/\/www.wuerzberg.info\/?page_id=1429\">Kultur- und Heimatverein e. V.<\/a><\/td><td><\/td><td><\/td><\/tr><tr><td><a href=\"https:\/\/www.wuerzberg.info\/?page_id=1431\">Landfrauen W\u00fcrzberg<\/a><\/td><td><\/td><td><a href=\"https:\/\/www.instagram.com\/landfrauen_wuerzberg\/\" target=\"_blank\" rel=\"noreferrer noopener\">Instagram @andfrauen_wuerzberg<\/a><\/td><\/tr><tr><td><a href=\"https:\/\/www.wuerzberg.info\/?page_id=1433\">S\u00e4ngervereinigung 1887 W\u00fcrzberg e.V.<\/a><\/td><td><a href=\"http:\/\/www.saengervereinigung-wuerzberg.de\/\" target=\"_blank\" rel=\"noreferrer noopener\">http:\/\/www.saengervereinigung-wuerzberg.de<\/a><\/td><td><\/td><\/tr><tr><td><a href=\"https:\/\/www.wuerzberg.info\/?page_id=1437\">Sch\u00fctzenverein W\u00fcrzberg 1927 e.V<\/a><\/td><td><a href=\"http:\/\/www.sv-wuerzberg.de\/\" target=\"_blank\" rel=\"noreferrer noopener\">http:\/\/www.sv-wuerzberg.de<\/a><\/td><td><\/td><\/tr><tr><td>Tierheim W\u00fcrzberg<\/td><td><a href=\"http:\/\/www.xn--tierheim-michelstadt-wrzberg-n7c.de\/3\/\" target=\"_blank\" rel=\"noreferrer noopener\">http:\/\/www.xn--tierheim-michelstadt-wrzberg-n7c.de\/3\/<\/a><\/td><td><a href=\"https:\/\/www.instagram.com\/das_odenwaldtierheim_wuerzberg\/\" target=\"_blank\" rel=\"noreferrer noopener\">Instagram @das_odenwaldtierheim_wuerzberg<\/a><\/td><\/tr><tr><td><a href=\"https:\/\/www.wuerzberg.info\/?page_id=5074\">VdK Ortsverband W\u00fcrzberg<\/a><\/td><td><a rel=\"noreferrer noopener\" href=\"https:\/\/www.vdk.de\/ov-wuerzberg\/\" target=\"_blank\">https:\/\/www.vdk.de\/ov-wuerzberg\/<\/a><\/td><td><\/td><\/tr><tr><td><a href=\"https:\/\/www.wuerzberg.info\/?page_id=1442\">VfR 1946 W\u00fcrzberg e.V.<\/a><\/td><td><a href=\"http:\/\/www.vfr-wuerzberg.de\/\" target=\"_blank\" rel=\"noreferrer noopener\">http:\/\/www.vfr-wuerzberg.de<\/a><\/td><td><a href=\"https:\/\/www.instagram.com\/vfrwuerzberg\/\" target=\"_blank\" rel=\"noreferrer noopener\">Instagram @vfrwuerzberg<\/a><\/td><\/tr><\/tbody><\/table><\/figure>\n\n\n\n<p>Alle Angaben ohne Gew\u00e4hr! fehlende Angaben\/Fehler\/\u00c4nderungen bitte dem Seitenbetreiber melden!<\/p>\n","protected":false},"excerpt":{"rendered":"<p>Vereinsvorstellung Vereinshomepage Instagram Deutscher Amateur-Radio-Club e.V. (DARC) https:\/\/www.darc.de\/der-club\/distrikte\/f\/ortsverbaende\/35\/ DRK W\u00fcrzberg http:\/\/www.drk-wuerzberg.de Instagram @drk_ov_wuerzberg\/ Elferrat W\u00fcrzberg Instagram @elferrat_garde_wuerzberg Evang. Kirchengemeinde https:\/\/www.stadtkirche-michelstadt.de\/wuerzberg\/ FFW-W\u00fcrzberg https:\/\/www.facebook.com\/ffwwuerzberg\/ Instagram @feuerwehrwuerzberg KerweClub W\u00fcrzberg KerweClub Instagram @kerweclub_wuerzberg Kultur- und Heimatverein e. V. Landfrauen W\u00fcrzberg Instagram @andfrauen_wuerzberg S\u00e4ngervereinigung 1887 W\u00fcrzberg e.V. http:\/\/www.saengervereinigung-wuerzberg.de Sch\u00fctzenverein W\u00fcrzberg 1927 e.V http:\/\/www.sv-wuerzberg.de Tierheim W\u00fcrzberg http:\/\/www.xn--tierheim-michelstadt-wrzberg-n7c.de\/3\/ Instagram @das_odenwaldtierheim_wuerzberg VdK Ortsverband [&hellip;]<\/p>\n","protected":false},"author":1,"featured_media":0,"parent":0,"menu_order":200,"comment_status":"open","ping_status":"open","template":"","meta":{"footnotes":""},"class_list":["post-8","page","type-page","status-publish","hentry"],"jetpack_shortlink":"https:\/\/wp.me\/P71HmM-8","jetpack_sharing_enabled":true,"publishpress_future_workflow_manual_trigger":{"enabledWorkflows":[]},"_links":{"self":[{"href":"https:\/\/www.wuerzberg.info\/index.php?rest_route=\/wp\/v2\/pages\/8","targetHints":{"allow":["GET"]}}],"collection":[{"href":"https:\/\/www.wuerzberg.info\/index.php?rest_route=\/wp\/v2\/pages"}],"about":[{"href":"https:\/\/www.wuerzberg.info\/index.php?rest_route=\/wp\/v2\/types\/page"}],"author":[{"embeddable":true,"href":"https:\/\/www.wuerzberg.info\/index.php?rest_route=\/wp\/v2\/users\/1"}],"replies":[{"embeddable":true,"href":"https:\/\/www.wuerzberg.info\/index.php?rest_route=%2Fwp%2Fv2%2Fcomments&post=8"}],"version-history":[{"count":13,"href":"https:\/\/www.wuerzberg.info\/index.php?rest_route=\/wp\/v2\/pages\/8\/revisions"}],"predecessor-version":[{"id":7019,"href":"https:\/\/www.wuerzberg.info\/index.php?rest_route=\/wp\/v2\/pages\/8\/revisions\/7019"}],"wp:attachment":[{"href":"https:\/\/www.wuerzberg.info\/index.php?rest_route=%2Fwp%2Fv2%2Fmedia&parent=8"}],"curies":[{"name":"wp","href":"https:\/\/api.w.org\/{rel}","templated":true}]}}